{"id":4641,"date":"2018-10-25T13:27:50","date_gmt":"2018-10-25T10:27:50","guid":{"rendered":"http:\/\/mpkool.ee\/?page_id=4641"},"modified":"2023-10-25T13:26:49","modified_gmt":"2023-10-25T10:26:49","slug":"kooli-dokumendidoppenoukogu-2","status":"publish","type":"page","link":"https:\/\/mpkool.ee\/ru\/kooli-dokumendidoppenoukogu-2\/","title":{"rendered":"\u041f\u0435\u0434\u0430\u0433\u043e\u0433\u0438\u0447\u0435\u0441\u043a\u0438\u0439 \u0441\u043e\u0432\u0435\u0442"},"content":{"rendered":"\n<table id=\"tablepress-47\" class=\"tablepress tablepress-id-47\">\n<tbody class=\"row-hover\">\n<tr class=\"row-1 odd\">\n\t<td class=\"column-1\"><a href=\"http:\/\/mpkool.ee\/wp-content\/uploads\/2023\/09\/21.06.23.pdf\">\u041f\u0440\u043e\u0442\u043e\u043a\u043e\u043b \u0441\u043e\u0431\u0440\u0430\u043d\u0438\u044f \u043f\u0435\u0434\u0430\u0433\u043e\u0433\u0438\u0447\u0435\u0441\u043a\u043e\u0433\u043e \u0441\u043e\u0432\u0435\u0442 \u041c\u041e\u0428 21.06.23 nr 1\/1-3\/9<\/a><\/td>\n<\/tr>\n<tr class=\"row-2 even\">\n\t<td class=\"column-1\"><a href=\"http:\/\/mpkool.ee\/wp-content\/uploads\/2023\/06\/19.06-23.pdf\">\u041f\u0440\u043e\u0442\u043e\u043a\u043e\u043b \u0441\u043e\u0431\u0440\u0430\u043d\u0438\u044f \u043f\u0435\u0434\u0430\u0433\u043e\u0433\u0438\u0447\u0435\u0441\u043a\u043e\u0433\u043e \u0441\u043e\u0432\u0435\u0442 \u041c\u041e\u0428 19.06-23 nr 1.1-3\/8<\/a><\/td>\n<\/tr>\n<tr class=\"row-3 odd\">\n\t<td class=\"column-1\"><a href=\"http:\/\/mpkool.ee\/wp-content\/uploads\/2023\/06\/9-06-23-1.pdf\">\u041f\u0440\u043e\u0442\u043e\u043a\u043e\u043b \u0441\u043e\u0431\u0440\u0430\u043d\u0438\u044f \u043f\u0435\u0434\u0430\u0433\u043e\u0433\u0438\u0447\u0435\u0441\u043a\u043e\u0433\u043e \u0441\u043e\u0432\u0435\u0442 \u041c\u041e\u0428 09.06-23 nr 1.1-3\/7<\/a><\/td>\n<\/tr>\n<tr class=\"row-4 even\">\n\t<td class=\"column-1\"><a href=\"http:\/\/mpkool.ee\/wp-content\/uploads\/2023\/05\/10.05-23.pdf\">\u041f\u0440\u043e\u0442\u043e\u043a\u043e\u043b \u0441\u043e\u0431\u0440\u0430\u043d\u0438\u044f \u043f\u0435\u0434\u0430\u0433\u043e\u0433\u0438\u0447\u0435\u0441\u043a\u043e\u0433\u043e \u0441\u043e\u0432\u0435\u0442 \u041c\u041e\u0428 10.05-23 nr 1.1-3\/6<\/a><\/td>\n<\/tr>\n<tr class=\"row-5 odd\">\n\t<td class=\"column-1\"><a href=\"http:\/\/mpkool.ee\/wp-content\/uploads\/2023\/05\/MPK-\u00f5ppen\u00f5ukogu-koosoleku-protokoll-29.03.2023-nr-1.1-35.pdf\">\u041f\u0440\u043e\u0442\u043e\u043a\u043e\u043b \u0441\u043e\u0431\u0440\u0430\u043d\u0438\u044f \u043f\u0435\u0434\u0430\u0433\u043e\u0433\u0438\u0447\u0435\u0441\u043a\u043e\u0433\u043e \u0441\u043e\u0432\u0435\u0442 \u041c\u041e\u0428 29.03.2023 \u2116 1.1-3\/5<br \/>\n<\/a><\/td>\n<\/tr>\n<tr class=\"row-6 even\">\n\t<td class=\"column-1\"><a href=\"http:\/\/mpkool.ee\/wp-content\/uploads\/2023\/01\/22.12.22.-MPK-\u00d5PPEN\u00d5UKOGU-KOOSOLEKU-PROTOKOLL.pdf\">\u041f\u0440\u043e\u0442\u043e\u043a\u043e\u043b \u0441\u043e\u0431\u0440\u0430\u043d\u0438\u044f \u043f\u0435\u0434\u0430\u0433\u043e\u0433\u0438\u0447\u0435\u0441\u043a\u043e\u0433\u043e \u0441\u043e\u0432\u0435\u0442 \u041c\u041e\u0428 22.12.2022. \u2116 1.1-3\/3<br \/>\n<\/a><\/td>\n<\/tr>\n<tr class=\"row-7 odd\">\n\t<td class=\"column-1\"><a href=\"http:\/\/mpkool.ee\/wp-content\/uploads\/2022\/11\/Maardu-P\u00f5hikool_\u00d5PPEN\u00d5UKOGU-koosoleku-protokoll_17.10.22_.pdf\">\u041f\u0440\u043e\u0442\u043e\u043a\u043e\u043b \u0441\u043e\u0431\u0440\u0430\u043d\u0438\u044f \u043f\u0435\u0434\u0430\u0433\u043e\u0433\u0438\u0447\u0435\u0441\u043a\u043e\u0433\u043e \u0441\u043e\u0432\u0435\u0442 \u041c\u041e\u0428 17.10.2022. \u2116 1.1-3\/2<br \/>\n<\/a><\/td>\n<\/tr>\n<tr class=\"row-8 even\">\n\t<td class=\"column-1\"><a href=\"http:\/\/mpkool.ee\/wp-content\/uploads\/2022\/10\/\u00d5PPEN\u00d5UKOGU-22-09-22-lisa.pdf\">\u041f\u0440\u043e\u0442\u043e\u043a\u043e\u043b \u0441\u043e\u0431\u0440\u0430\u043d\u0438\u044f \u043f\u0435\u0434\u0430\u0433\u043e\u0433\u0438\u0447\u0435\u0441\u043a\u043e\u0433\u043e \u0441\u043e\u0432\u0435\u0442 \u041c\u041e\u0428 22.09.2022 \u2116 1.1-3\/1<\/a><\/td>\n<\/tr>\n<tr class=\"row-9 odd\">\n\t<td class=\"column-1\"><a href=\"http:\/\/mpkool.ee\/wp-content\/uploads\/2022\/08\/21.06.22-\u00d5PPEN\u00d5UKOGU.pdf\">\u041f\u0440\u043e\u0442\u043e\u043a\u043e\u043b \u0441\u043e\u0431\u0440\u0430\u043d\u0438\u044f \u043f\u0435\u0434\u0430\u0433\u043e\u0433\u0438\u0447\u0435\u0441\u043a\u043e\u0433\u043e \u0441\u043e\u0432\u0435\u0442 \u041c\u041e\u0428 21.06.2022 \u2116 nr 1\/1-3\/7<\/a><\/td>\n<\/tr>\n<tr class=\"row-10 even\">\n\t<td class=\"column-1\"><a href=\"http:\/\/mpkool.ee\/wp-content\/uploads\/2022\/06\/\u00d5PPEN\u00d5UKOGU_20.06.2022.pdf\">\u041f\u0440\u043e\u0442\u043e\u043a\u043e\u043b \u0441\u043e\u0431\u0440\u0430\u043d\u0438\u044f \u043f\u0435\u0434\u0430\u0433\u043e\u0433\u0438\u0447\u0435\u0441\u043a\u043e\u0433\u043e \u0441\u043e\u0432\u0435\u0442 \u041c\u041e\u0428 20.06.2022 \u2116  N 1\/1- 3\/6<\/a><\/td>\n<\/tr>\n<tr class=\"row-11 odd\">\n\t<td class=\"column-1\"><a href=\"http:\/\/mpkool.ee\/wp-content\/uploads\/2022\/06\/10-06-22-\u00d5PPEN\u00d5UKOGU.pdf\">\u041f\u0440\u043e\u0442\u043e\u043a\u043e\u043b \u0441\u043e\u0431\u0440\u0430\u043d\u0438\u044f \u043f\u0435\u0434\u0430\u0433\u043e\u0433\u0438\u0447\u0435\u0441\u043a\u043e\u0433\u043e \u0441\u043e\u0432\u0435\u0442 \u041c\u041e\u0428 10.06.22 \u2116 1\/1-3\/5<\/a><\/td>\n<\/tr>\n<tr class=\"row-12 even\">\n\t<td class=\"column-1\"><a href=\"http:\/\/mpkool.ee\/wp-content\/uploads\/2022\/04\/\u00d5PPEN\u00d5UKOGU-1.04.2022.pdf\">\u041f\u0435\u0434\u0430\u0433\u043e\u0433\u0438\u0447\u0435\u0441\u043a\u0438\u0439 \u0441\u043e\u0432\u0435\u0442 \u041c\u0430\u0430\u0440\u0434\u0443\u0441\u043a\u043e\u0439 \u041e\u0441\u043d\u043e\u0432\u043d\u043e\u0439 \u0428\u043a\u043e\u043b\u044b 01.04.2022 \u2116 1.1-3\/3<\/a><\/td>\n<\/tr>\n<tr class=\"row-13 odd\">\n\t<td class=\"column-1\"><a href=\"http:\/\/mpkool.ee\/wp-content\/uploads\/2022\/01\/\u00d5ppen\u00f5ukogu-2022-1.pdf\">\u041f\u0435\u0434\u0430\u0433\u043e\u0433\u0438\u0447\u0435\u0441\u043a\u0438\u0439 \u0441\u043e\u0432\u0435\u0442 \u041c\u0430\u0430\u0440\u0434\u0443\u0441\u043a\u043e\u0439 \u041e\u0441\u043d\u043e\u0432\u043d\u043e\u0439 \u0428\u043a\u043e\u043b\u044b 04.01.2022 \u2116 1.1-3\/10<\/a><\/td>\n<\/tr>\n<tr class=\"row-14 even\">\n\t<td class=\"column-1\"><a href=\"http:\/\/mpkool.ee\/wp-content\/uploads\/2022\/03\/2-MAARDU-P\u00d5HIKOOLI-\u00d5PPEN\u00d5UKOGU.pdf\">\u041f\u0435\u0434\u0430\u0433\u043e\u0433\u0438\u0447\u0435\u0441\u043a\u0438\u0439 \u0441\u043e\u0432\u0435\u0442 \u041c\u0430\u0430\u0440\u0434\u0443\u0441\u043a\u043e\u0439 \u041e\u0441\u043d\u043e\u0432\u043d\u043e\u0439 \u0428\u043a\u043e\u043b\u044b 25.10.2021<\/a><\/td>\n<\/tr>\n<tr class=\"row-15 odd\">\n\t<td class=\"column-1\"><a href=\"http:\/\/mpkool.ee\/wp-content\/uploads\/2022\/04\/\u00d5ppen\u00f5ukogu-MPK-30.08.21.pdf\">\u041f\u0435\u0434\u0430\u0433\u043e\u0433\u0438\u0447\u0435\u0441\u043a\u0438\u0439 \u0441\u043e\u0432\u0435\u0442 \u041c\u0430\u0430\u0440\u0434\u0443\u0441\u043a\u043e\u0439 \u041e\u0441\u043d\u043e\u0432\u043d\u043e\u0439 \u0428\u043a\u043e\u043b\u044b 30.08.2021 \u2116 1.1-3\/9 <\/a><\/td>\n<\/tr>\n<tr class=\"row-16 even\">\n\t<td class=\"column-1\"><a href=\"http:\/\/mpkool.ee\/wp-content\/uploads\/2021\/07\/8-MAARDU-P\u00d5HIKOOLI-\u00d5PPEN\u00d5UKOGU.pdf\">\u041f\u0435\u0434\u0430\u0433\u043e\u0433\u0438\u0447\u0435\u0441\u043a\u0438\u0439 \u0441\u043e\u0432\u0435\u0442 \u041c\u0430\u0430\u0440\u0434\u0443\u0441\u043a\u043e\u0439 \u041e\u0441\u043d\u043e\u0432\u043d\u043e\u0439 \u0428\u043a\u043e\u043b\u044b 17.06.2021 \u2116 1.1-3\/8<\/a><\/td>\n<\/tr>\n<tr class=\"row-17 odd\">\n\t<td class=\"column-1\"><a href=\"http:\/\/mpkool.ee\/wp-content\/uploads\/2021\/06\/\u00d5ppen\u00f5ukogu-1.1-3_7.pdf\">\u041f\u0435\u0434\u0430\u0433\u043e\u0433\u0438\u0447\u0435\u0441\u043a\u0438\u0439 \u0441\u043e\u0432\u0435\u0442 \u041c\u0430\u0430\u0440\u0434\u0443\u0441\u043a\u043e\u0439 \u041e\u0441\u043d\u043e\u0432\u043d\u043e\u0439 \u0428\u043a\u043e\u043b\u044b 10.06.2021 \u2116 1.1-3\/7<\/a><\/td>\n<\/tr>\n<tr class=\"row-18 even\">\n\t<td class=\"column-1\"><a href=\"http:\/\/mpkool.ee\/wp-content\/uploads\/2021\/06\/\u00d5ppen\u00f5ukogu-3_6.pdf\">\u041f\u0435\u0434\u0430\u0433\u043e\u0433\u0438\u0447\u0435\u0441\u043a\u0438\u0439 \u0441\u043e\u0432\u0435\u0442 \u041c\u0430\u0430\u0440\u0434\u0443\u0441\u043a\u043e\u0439 \u041e\u0441\u043d\u043e\u0432\u043d\u043e\u0439 \u0428\u043a\u043e\u043b\u044b 18.05.2021 \u2116 1.1. -3\/6<\/a><\/td>\n<\/tr>\n<tr class=\"row-19 odd\">\n\t<td class=\"column-1\"><a href=\"http:\/\/mpkool.ee\/wp-content\/uploads\/2020\/11\/MAARDU-P\u00d5HIKOOLI-\u00d5PPEN\u00d5UKOGU3.pdf\">\u041f\u0435\u0434\u0430\u0433\u043e\u0433\u0438\u0447\u0435\u0441\u043a\u0438\u0439 \u0441\u043e\u0432\u0435\u0442 \u041c\u0430\u0430\u0440\u0434\u0443\u0441\u043a\u043e\u0439 \u041e\u0441\u043d\u043e\u0432\u043d\u043e\u0439 \u0428\u043a\u043e\u043b\u044b \u2116 3 19.10.2020<\/a><\/td>\n<\/tr>\n<tr class=\"row-20 even\">\n\t<td class=\"column-1\"><a href=\"http:\/\/mpkool.ee\/wp-content\/uploads\/2020\/11\/MAARDU-P\u00d5HIKOOLI-\u00d5PPEN\u00d5UKOGU2.docx.pdf\">\u041f\u0435\u0434\u0430\u0433\u043e\u0433\u0438\u0447\u0435\u0441\u043a\u0438\u0439 \u0441\u043e\u0432\u0435\u0442 \u041c\u0430\u0430\u0440\u0434\u0443\u0441\u043a\u043e\u0439 \u041e\u0441\u043d\u043e\u0432\u043d\u043e\u0439 \u0428\u043a\u043e\u043b\u044b \u2116 2 25.09.2020<\/a><\/td>\n<\/tr>\n<tr class=\"row-21 odd\">\n\t<td class=\"column-1\"><a href=\"http:\/\/mpkool.ee\/wp-content\/uploads\/2020\/10\/MAARDU-P\u00d5HIKOOLI-\u00d5PPEN\u00d5UKOGU-1_2020_21.pdf\">\u041f\u0435\u0434\u0430\u0433\u043e\u0433\u0438\u0447\u0435\u0441\u043a\u0438\u0439 \u0441\u043e\u0432\u0435\u0442 \u041c\u0430\u0430\u0440\u0434\u0443\u0441\u043a\u043e\u0439 \u041e\u0441\u043d\u043e\u0432\u043d\u043e\u0439 \u0428\u043a\u043e\u043b\u044b \u2116 1 27.08.2020<\/a><\/td>\n<\/tr>\n<tr class=\"row-22 even\">\n\t<td class=\"column-1\"><a href=\"http:\/\/mpkool.ee\/wp-content\/uploads\/2020\/01\/MAARDU-P\u00d5HIKOOLI-\u00d5PPEN\u00d5UKOGU-2-2019-2020.pdf\">\u041f\u0435\u0434\u0430\u0433\u043e\u0433\u0438\u0447\u0435\u0441\u043a\u0438\u0439 \u0441\u043e\u0432\u0435\u0442 \u041c\u0430\u0430\u0440\u0434\u0443\u0441\u043a\u043e\u0439 \u041e\u0441\u043d\u043e\u0432\u043d\u043e\u0439 \u0428\u043a\u043e\u043b\u044b \u2116 2 06.01.2020<\/a><\/td>\n<\/tr>\n<tr class=\"row-23 odd\">\n\t<td class=\"column-1\"><a href=\"http:\/\/mpkool.ee\/wp-content\/uploads\/2019\/09\/MAARDU-P\u00d5HIKOOLI-\u00d5PPEN\u00d5UKOGU-nr-1-2019-2020.pdf\">\u041f\u0435\u0434\u0430\u0433\u043e\u0433\u0438\u0447\u0435\u0441\u043a\u0438\u0439 \u0441\u043e\u0432\u0435\u0442 \u041c\u0430\u0430\u0440\u0434\u0443\u0441\u043a\u043e\u0439 \u041e\u0441\u043d\u043e\u0432\u043d\u043e\u0439 \u0428\u043a\u043e\u043b\u044b \u2116 1 29.08.2019 (2019\/20 \u0443\u0447. \u0433\u043e\u0434)<\/a><\/td>\n<\/tr>\n<tr class=\"row-24 even\">\n\t<td class=\"column-1\"><a href=\"http:\/\/mpkool.ee\/wp-content\/uploads\/2019\/07\/MAARDU-P\u00d5HIKOOLI-\u00d5PPEN\u00d5UKOGU-nr-7.pdf\">\u041f\u0435\u0434\u0430\u0433\u043e\u0433\u0438\u0447\u0435\u0441\u043a\u0438\u0439 \u0441\u043e\u0432\u0435\u0442 \u041c\u0430\u0430\u0440\u0434\u0443\u0441\u043a\u043e\u0439 \u041e\u0441\u043d\u043e\u0432\u043d\u043e\u0439 \u0428\u043a\u043e\u043b\u044b \u2116 7 19.06.2019<\/a><\/td>\n<\/tr>\n<tr class=\"row-25 odd\">\n\t<td class=\"column-1\"><a href=\"http:\/\/mpkool.ee\/wp-content\/uploads\/2019\/07\/MAARDU-P\u00d5HIKOOLI-\u00d5PPEN\u00d5UKOG-nr.6.pdf\">\u041f\u0435\u0434\u0430\u0433\u043e\u0433\u0438\u0447\u0435\u0441\u043a\u0438\u0439 \u0441\u043e\u0432\u0435\u0442 \u041c\u0430\u0430\u0440\u0434\u0443\u0441\u043a\u043e\u0439 \u041e\u0441\u043d\u043e\u0432\u043d\u043e\u0439 \u0428\u043a\u043e\u043b\u044b \u2116 6 31.05.2019<\/a><\/td>\n<\/tr>\n<tr class=\"row-26 even\">\n\t<td class=\"column-1\"><a href=\"http:\/\/mpkool.ee\/wp-content\/uploads\/2019\/06\/MAARDU-P\u00d5HIKOOLI-\u00d5PPEN\u00d5UKOG-nr.5.pdf\">\u041f\u0435\u0434\u0430\u0433\u043e\u0433\u0438\u0447\u0435\u0441\u043a\u0438\u0439 \u0441\u043e\u0432\u0435\u0442 \u041c\u0430\u0430\u0440\u0434\u0443\u0441\u043a\u043e\u0439 \u041e\u0441\u043d\u043e\u0432\u043d\u043e\u0439 \u0428\u043a\u043e\u043b\u044b \u2116 5 23.05.2019<\/a><\/td>\n<\/tr>\n<tr class=\"row-27 odd\">\n\t<td class=\"column-1\"><a href=\"http:\/\/mpkool.ee\/wp-content\/uploads\/2019\/06\/MAARDU-P\u00d5HIKOOLI-\u00d5PPEN\u00d5UKOGU-4.pdf\">\u041f\u0435\u0434\u0430\u0433\u043e\u0433\u0438\u0447\u0435\u0441\u043a\u0438\u0439 \u0441\u043e\u0432\u0435\u0442 \u041c\u0430\u0430\u0440\u0434\u0443\u0441\u043a\u043e\u0439 \u041e\u0441\u043d\u043e\u0432\u043d\u043e\u0439 \u0428\u043a\u043e\u043b\u044b \u2116 4 6.05.2019<\/a><\/td>\n<\/tr>\n<tr class=\"row-28 even\">\n\t<td class=\"column-1\"><a href=\"http:\/\/mpkool.ee\/wp-content\/uploads\/2019\/01\/MAARDU-P\u00d5HIKOOLI-\u00d5PPEN\u00d5UKOGU-nr-3.pdf\">\u041f\u0435\u0434\u0430\u0433\u043e\u0433\u0438\u0447\u0435\u0441\u043a\u0438\u0439 \u0441\u043e\u0432\u0435\u0442 \u041c\u0430\u0430\u0440\u0434\u0443\u0441\u043a\u043e\u0439 \u041e\u0441\u043d\u043e\u0432\u043d\u043e\u0439 \u0428\u043a\u043e\u043b\u044b \u2116 3 16.01.2019<\/a><\/td>\n<\/tr>\n<tr class=\"row-29 odd\">\n\t<td class=\"column-1\"><a href=\"http:\/\/mpkool.ee\/wp-content\/uploads\/2018\/12\/MPK-\u00f5ppen\u00f5ukogu_04.12.2018.pdf\">\u041f\u0435\u0434\u0430\u0433\u043e\u0433\u0438\u0447\u0435\u0441\u043a\u0438\u0439 \u0441\u043e\u0432\u0435\u0442 \u041c\u0430\u0430\u0440\u0434\u0443\u0441\u043a\u043e\u0439 \u041e\u0441\u043d\u043e\u0432\u043d\u043e\u0439 \u0428\u043a\u043e\u043b\u044b \u2116 2  04.12.2018<\/a><\/td>\n<\/tr>\n<tr class=\"row-30 even\">\n\t<td class=\"column-1\"><a href=\"http:\/\/mpkool.ee\/wp-content\/uploads\/2018\/12\/Metoodilise-n\u00f5upidamise-protokoll-4.12.2018.pdf\">\u041c\u0435\u0442\u043e\u0434\u0438\u0447\u0435\u0441\u043a\u0438\u0439 \u0441\u043e\u0432\u0435\u0442 \u041c\u0430\u0430\u0440\u0434\u0443\u0441\u043a\u043e\u0439 \u041e\u0441\u043d\u043e\u0432\u043d\u043e\u0439 \u0428\u043a\u043e\u043b\u044b \u2116 1  04.12.2018<\/a><\/td>\n<\/tr>\n<tr class=\"row-31 odd\">\n\t<td class=\"column-1\"><a href=\"http:\/\/mpkool.ee\/wp-content\/uploads\/2018\/11\/MPK-\u00f5ppen\u00f5ukogu_30.08.2018_5.pdf\">\u041f\u0435\u0434\u0430\u0433\u043e\u0433\u0438\u0447\u0435\u0441\u043a\u0438\u0439 \u0441\u043e\u0432\u0435\u0442 \u041c\u0430\u0430\u0440\u0434\u0443\u0441\u043a\u043e\u0439 \u041e\u0441\u043d\u043e\u0432\u043d\u043e\u0439 \u0428\u043a\u043e\u043b\u044b \u2116 1.1-3\/5  30.08.2018<\/a><\/td>\n<\/tr>\n<tr class=\"row-32 even\">\n\t<td class=\"column-1\"><a href=\"http:\/\/mpkool.ee\/wp-content\/uploads\/2018\/11\/MPK-\u00f5ppen\u00f5ukogu_21.06.2018_4.pdf\">\u041f\u0435\u0434\u0430\u0433\u043e\u0433\u0438\u0447\u0435\u0441\u043a\u0438\u0439 \u0441\u043e\u0432\u0435\u0442 \u041c\u0430\u0430\u0440\u0434\u0443\u0441\u043a\u043e\u0439 \u041e\u0441\u043d\u043e\u0432\u043d\u043e\u0439 \u0428\u043a\u043e\u043b\u044b \u2116 1.1-3\/4 21.06.2018<\/a><\/td>\n<\/tr>\n<tr class=\"row-33 odd\">\n\t<td class=\"column-1\"><a href=\"http:\/\/mpkool.ee\/wp-content\/uploads\/2018\/11\/MPK-\u00f5ppen\u00f5ukogu_18.06.2018_3.pdf\">\u041f\u0435\u0434\u0430\u0433\u043e\u0433\u0438\u0447\u0435\u0441\u043a\u0438\u0439 \u0441\u043e\u0432\u0435\u0442 \u041c\u0430\u0430\u0440\u0434\u0443\u0441\u043a\u043e\u0439 \u041e\u0441\u043d\u043e\u0432\u043d\u043e\u0439 \u0428\u043a\u043e\u043b\u044b \u2116 1.1-3\/3 18.06.2018<\/a><\/td>\n<\/tr>\n<tr class=\"row-34 even\">\n\t<td class=\"column-1\"><a href=\"http:\/\/mpkool.ee\/wp-content\/uploads\/2018\/11\/MPK-\u00f5ppen\u00f5ukogu_11.06.2018_2.pdf\">\u041f\u0435\u0434\u0430\u0433\u043e\u0433\u0438\u0447\u0435\u0441\u043a\u0438\u0439 \u0441\u043e\u0432\u0435\u0442 \u041c\u0430\u0430\u0440\u0434\u0443\u0441\u043a\u043e\u0439 \u041e\u0441\u043d\u043e\u0432\u043d\u043e\u0439 \u0428\u043a\u043e\u043b\u044b \u2116 1.1-3\/2 11.06.2018<\/a><\/td>\n<\/tr>\n<tr class=\"row-35 odd\">\n\t<td class=\"column-1\"><a href=\"http:\/\/mpkool.ee\/wp-content\/uploads\/2018\/11\/MPK-\u00f5ppen\u00f5ukogu_23.05.2018_1..pdf\">\u041f\u0435\u0434\u0430\u0433\u043e\u0433\u0438\u0447\u0435\u0441\u043a\u0438\u0439 \u0441\u043e\u0432\u0435\u0442 \u041c\u0430\u0430\u0440\u0434\u0443\u0441\u043a\u043e\u0439 \u041e\u0441\u043d\u043e\u0432\u043d\u043e\u0439 \u0428\u043a\u043e\u043b\u044b \u2116 1.1-3\/1 23.05.2018<\/a><\/td>\n<\/tr>\n<\/tbody>\n<\/table>\n<!-- #tablepress-47 from cache -->\n","protected":false},"excerpt":{"rendered":"","protected":false},"author":3,"featured_media":0,"parent":0,"menu_order":0,"comment_status":"closed","ping_status":"closed","template":"","meta":{"footnotes":""},"class_list":["post-4641","page","type-page","status-publish","hentry"],"translation":{"provider":"WPGlobus","version":"3.0.0","language":"ru","enabled_languages":["et","ru"],"languages":{"et":{"title":true,"content":true,"excerpt":false},"ru":{"title":true,"content":true,"excerpt":false}}},"yoast_head":"<!-- This site is optimized with the Yoast SEO plugin v26.6 - https:\/\/yoast.com\/wordpress\/plugins\/seo\/ -->\n<title>\u041f\u0435\u0434\u0430\u0433\u043e\u0433\u0438\u0447\u0435\u0441\u043a\u0438\u0439 \u0441\u043e\u0432\u0435\u0442 - \u041c\u0430\u0430\u0440\u0434\u0443\u0441\u043a\u0430\u044f \u041e\u0441\u043d\u043e\u0432\u043d\u0430\u044f \u0428\u043a\u043e\u043b\u0430<\/title>\n<meta name=\"robots\" content=\"index, follow, max-snippet:-1, max-image-preview:large, max-video-preview:-1\" \/>\n<link rel=\"canonical\" href=\"https:\/\/mpkool.ee\/kooli-dokumendidoppenoukogu-2\/\" \/>\n<meta property=\"og:locale\" content=\"ru_RU\" \/>\n<meta property=\"og:type\" content=\"article\" \/>\n<meta property=\"og:title\" content=\"\u041f\u0435\u0434\u0430\u0433\u043e\u0433\u0438\u0447\u0435\u0441\u043a\u0438\u0439 \u0441\u043e\u0432\u0435\u0442 - \u041c\u0430\u0430\u0440\u0434\u0443\u0441\u043a\u0430\u044f \u041e\u0441\u043d\u043e\u0432\u043d\u0430\u044f \u0428\u043a\u043e\u043b\u0430\" \/>\n<meta property=\"og:url\" content=\"https:\/\/mpkool.ee\/kooli-dokumendidoppenoukogu-2\/\" \/>\n<meta property=\"og:site_name\" content=\"\u041c\u0430\u0430\u0440\u0434\u0443\u0441\u043a\u0430\u044f \u041e\u0441\u043d\u043e\u0432\u043d\u0430\u044f \u0428\u043a\u043e\u043b\u0430\" \/>\n<meta property=\"article:publisher\" content=\"https:\/\/www.facebook.com\/maardupk\/\" \/>\n<meta property=\"article:modified_time\" content=\"2023-10-25T10:26:49+00:00\" \/>\n<meta name=\"twitter:card\" content=\"summary_large_image\" \/>\n<script type=\"application\/ld+json\" class=\"yoast-schema-graph\">{\"@context\":\"https:\/\/schema.org\",\"@graph\":[{\"@type\":\"WebPage\",\"@id\":\"https:\/\/mpkool.ee\/kooli-dokumendidoppenoukogu-2\/\",\"url\":\"https:\/\/mpkool.ee\/kooli-dokumendidoppenoukogu-2\/\",\"name\":\"\u041f\u0435\u0434\u0430\u0433\u043e\u0433\u0438\u0447\u0435\u0441\u043a\u0438\u0439 \u0441\u043e\u0432\u0435\u0442 - \u041c\u0430\u0430\u0440\u0434\u0443\u0441\u043a\u0430\u044f \u041e\u0441\u043d\u043e\u0432\u043d\u0430\u044f \u0428\u043a\u043e\u043b\u0430\",\"isPartOf\":{\"@id\":\"https:\/\/mpkool.ee\/#website\"},\"datePublished\":\"2018-10-25T10:27:50+00:00\",\"dateModified\":\"2023-10-25T10:26:49+00:00\",\"breadcrumb\":{\"@id\":\"https:\/\/mpkool.ee\/kooli-dokumendidoppenoukogu-2\/#breadcrumb\"},\"inLanguage\":\"ru-RU\",\"potentialAction\":[{\"@type\":\"ReadAction\",\"target\":[\"https:\/\/mpkool.ee\/kooli-dokumendidoppenoukogu-2\/\"]}]},{\"@type\":\"BreadcrumbList\",\"@id\":\"https:\/\/mpkool.ee\/kooli-dokumendidoppenoukogu-2\/#breadcrumb\",\"itemListElement\":[{\"@type\":\"ListItem\",\"position\":1,\"name\":\"\u0413\u043b\u0430\u0432\u043d\u0430\u044f \u0441\u0442\u0440\u0430\u043d\u0438\u0446\u0430\",\"item\":\"https:\/\/mpkool.ee\/\"},{\"@type\":\"ListItem\",\"position\":2,\"name\":\"\u00d5ppen\u00f5ukogu\"}]},{\"@type\":\"WebSite\",\"@id\":\"https:\/\/mpkool.ee\/#website\",\"url\":\"https:\/\/mpkool.ee\/\",\"name\":\"{:et}Maardu P\u00f5hikool{:}{:ru}\u041c\u0430\u0430\u0440\u0434\u0443\u0441\u043a\u0430\u044f \u041e\u0441\u043d\u043e\u0432\u043d\u0430\u044f \u0428\u043a\u043e\u043b\u0430{:}\",\"description\":\"M\u00f5nus P\u00f5nev Koht\",\"potentialAction\":[{\"@type\":\"SearchAction\",\"target\":{\"@type\":\"EntryPoint\",\"urlTemplate\":\"https:\/\/mpkool.ee\/?s={search_term_string}\"},\"query-input\":{\"@type\":\"PropertyValueSpecification\",\"valueRequired\":true,\"valueName\":\"search_term_string\"}}],\"inLanguage\":\"ru-RU\"}]}<\/script>\n<!-- \/ Yoast SEO plugin. -->","yoast_head_json":{"title":"\u041f\u0435\u0434\u0430\u0433\u043e\u0433\u0438\u0447\u0435\u0441\u043a\u0438\u0439 \u0441\u043e\u0432\u0435\u0442 - \u041c\u0430\u0430\u0440\u0434\u0443\u0441\u043a\u0430\u044f \u041e\u0441\u043d\u043e\u0432\u043d\u0430\u044f \u0428\u043a\u043e\u043b\u0430","robots":{"index":"index","follow":"follow","max-snippet":"max-snippet:-1","max-image-preview":"max-image-preview:large","max-video-preview":"max-video-preview:-1"},"canonical":"https:\/\/mpkool.ee\/kooli-dokumendidoppenoukogu-2\/","og_locale":"ru_RU","og_type":"article","og_title":"\u041f\u0435\u0434\u0430\u0433\u043e\u0433\u0438\u0447\u0435\u0441\u043a\u0438\u0439 \u0441\u043e\u0432\u0435\u0442 - \u041c\u0430\u0430\u0440\u0434\u0443\u0441\u043a\u0430\u044f \u041e\u0441\u043d\u043e\u0432\u043d\u0430\u044f \u0428\u043a\u043e\u043b\u0430","og_url":"https:\/\/mpkool.ee\/kooli-dokumendidoppenoukogu-2\/","og_site_name":"\u041c\u0430\u0430\u0440\u0434\u0443\u0441\u043a\u0430\u044f \u041e\u0441\u043d\u043e\u0432\u043d\u0430\u044f \u0428\u043a\u043e\u043b\u0430","article_publisher":"https:\/\/www.facebook.com\/maardupk\/","article_modified_time":"2023-10-25T10:26:49+00:00","twitter_card":"summary_large_image","schema":{"@context":"https:\/\/schema.org","@graph":[{"@type":"WebPage","@id":"https:\/\/mpkool.ee\/kooli-dokumendidoppenoukogu-2\/","url":"https:\/\/mpkool.ee\/kooli-dokumendidoppenoukogu-2\/","name":"\u041f\u0435\u0434\u0430\u0433\u043e\u0433\u0438\u0447\u0435\u0441\u043a\u0438\u0439 \u0441\u043e\u0432\u0435\u0442 - \u041c\u0430\u0430\u0440\u0434\u0443\u0441\u043a\u0430\u044f \u041e\u0441\u043d\u043e\u0432\u043d\u0430\u044f \u0428\u043a\u043e\u043b\u0430","isPartOf":{"@id":"https:\/\/mpkool.ee\/#website"},"datePublished":"2018-10-25T10:27:50+00:00","dateModified":"2023-10-25T10:26:49+00:00","breadcrumb":{"@id":"https:\/\/mpkool.ee\/kooli-dokumendidoppenoukogu-2\/#breadcrumb"},"inLanguage":"ru-RU","potentialAction":[{"@type":"ReadAction","target":["https:\/\/mpkool.ee\/kooli-dokumendidoppenoukogu-2\/"]}]},{"@type":"BreadcrumbList","@id":"https:\/\/mpkool.ee\/kooli-dokumendidoppenoukogu-2\/#breadcrumb","itemListElement":[{"@type":"ListItem","position":1,"name":"\u0413\u043b\u0430\u0432\u043d\u0430\u044f \u0441\u0442\u0440\u0430\u043d\u0438\u0446\u0430","item":"https:\/\/mpkool.ee\/"},{"@type":"ListItem","position":2,"name":"\u00d5ppen\u00f5ukogu"}]},{"@type":"WebSite","@id":"https:\/\/mpkool.ee\/#website","url":"https:\/\/mpkool.ee\/","name":"{:et}Maardu P\u00f5hikool{:}{:ru}\u041c\u0430\u0430\u0440\u0434\u0443\u0441\u043a\u0430\u044f \u041e\u0441\u043d\u043e\u0432\u043d\u0430\u044f \u0428\u043a\u043e\u043b\u0430{:}","description":"M\u00f5nus P\u00f5nev Koht","potentialAction":[{"@type":"SearchAction","target":{"@type":"EntryPoint","urlTemplate":"https:\/\/mpkool.ee\/?s={search_term_string}"},"query-input":{"@type":"PropertyValueSpecification","valueRequired":true,"valueName":"search_term_string"}}],"inLanguage":"ru-RU"}]}},"_links":{"self":[{"href":"https:\/\/mpkool.ee\/ru\/wp-json\/wp\/v2\/pages\/4641","targetHints":{"allow":["GET"]}}],"collection":[{"href":"https:\/\/mpkool.ee\/ru\/wp-json\/wp\/v2\/pages"}],"about":[{"href":"https:\/\/mpkool.ee\/ru\/wp-json\/wp\/v2\/types\/page"}],"author":[{"embeddable":true,"href":"https:\/\/mpkool.ee\/ru\/wp-json\/wp\/v2\/users\/3"}],"replies":[{"embeddable":true,"href":"https:\/\/mpkool.ee\/ru\/wp-json\/wp\/v2\/comments?post=4641"}],"version-history":[{"count":4,"href":"https:\/\/mpkool.ee\/ru\/wp-json\/wp\/v2\/pages\/4641\/revisions"}],"predecessor-version":[{"id":4657,"href":"https:\/\/mpkool.ee\/ru\/wp-json\/wp\/v2\/pages\/4641\/revisions\/4657"}],"wp:attachment":[{"href":"https:\/\/mpkool.ee\/ru\/wp-json\/wp\/v2\/media?parent=4641"}],"curies":[{"name":"wp","href":"https:\/\/api.w.org\/{rel}","templated":true}]}}