{"id":25,"date":"2017-03-19T18:18:37","date_gmt":"2017-03-19T16:18:37","guid":{"rendered":"http:\/\/mpkool.ee\/test2\/?page_id=25"},"modified":"2026-04-07T18:24:28","modified_gmt":"2026-04-07T15:24:28","slug":"kooli-dokumendid","status":"publish","type":"page","link":"https:\/\/mpkool.ee\/ru\/kooli-dokumendid\/","title":{"rendered":"\u0428\u043a\u043e\u043b\u044c\u043d\u044b\u0435 \u0434\u043e\u043a\u0443\u043c\u0435\u043d\u0442\u044b"},"content":{"rendered":"\n<table id=\"tablepress-22\" class=\"tablepress tablepress-id-22\">\n<tbody class=\"row-hover\">\n<tr class=\"row-1 odd\">\n\t<td class=\"column-1\"><a href=\"https:\/\/mpkool.ee\/wp-content\/uploads\/2025\/09\/MPK-Kodukord-uus.pdf\" target=\"_blank\">KODUKORD 2025<\/a><\/td>\n<\/tr>\n<tr class=\"row-2 even\">\n\t<td class=\"column-1\"><a href=\"https:\/\/mpkool.ee\/wp-content\/uploads\/2025\/09\/2025-2026-MPK-uldtooplaan.pdf\" target=\"_blank\">\u00dcLDT\u00d6\u00d6PLAAN 2025.-2026. \u00f5a<\/a><\/td>\n<\/tr>\n<tr class=\"row-3 odd\">\n\t<td class=\"column-1\"><a href=\"http:\/\/mpkool.ee\/wp-content\/uploads\/2021\/10\/\u041f\u0440\u043e\u0433\u0440\u0430\u043c\u043c\u0430-\u0440\u0430\u0437\u0432\u0438\u0442\u0438\u044f-\u041c\u041e\u0428-2021-25.pdf\">\u041f\u0440\u043e\u0433\u0440\u0430\u043c\u043c\u0430 \u0440\u0430\u0437\u0432\u0438\u0442\u0438\u044f \u041c\u0430\u0430\u0440\u0434\u0443\u0441\u043a\u043e\u0439 \u043e\u0441\u043d\u043e\u0432\u043d\u043e\u0439 \u0448\u043a\u043e\u043b\u044b 2021-2025 <\/a><\/td>\n<\/tr>\n<tr class=\"row-4 even\">\n\t<td class=\"column-1\"><a href=\"http:\/\/mpkool.ee\/oppekava-2\/\" rel=\"noopener\" target=\"_blank\">MAARDU P\u00d5HIKOOLI \u00d5PPEKAVA<\/a><\/td>\n<\/tr>\n<tr class=\"row-5 odd\">\n\t<td class=\"column-1\"><a href=\"http:\/\/mpkool.ee\/ru\/ainekavad\/\">\u041f\u0440\u0435\u0434\u043c\u0435\u0442\u043d\u0430\u044f \u043f\u0440\u043e\u0433\u0440\u0430\u043c\u043c\u0430 \u041c\u0430\u0430\u0440\u0434\u0443\u0441\u043a\u043e\u0439 \u043e\u0441\u043d\u043e\u0432\u043d\u043e\u0439 \u0448\u043a\u043e\u043b\u044b<\/a><\/td>\n<\/tr>\n<tr class=\"row-6 even\">\n\t<td class=\"column-1\"><a href=\"https:\/\/mpkool.ee\/wp-content\/uploads\/2025\/04\/MPK-avaliku-konkursi-labiviimise-kord.pdf\" target=\"_blank\">\u041f\u043e\u0440\u044f\u0434\u043e\u043a \u043f\u0440\u043e\u0432\u0435\u0434\u0435\u043d\u0438\u044f \u043e\u0442\u043a\u0440\u044b\u0442\u043e\u0433\u043e \u043a\u043e\u043d\u043a\u0443\u0440\u0441\u0430 \u0432 \u041c\u0430\u0430\u0440\u0434\u0443\u0441\u043a\u043e\u0439 \u043e\u0441\u043d\u043e\u0432\u043d\u043e\u0439 \u0448\u043a\u043e\u043b\u0435<\/a><\/td>\n<\/tr>\n<tr class=\"row-7 odd\">\n\t<td class=\"column-1\"><a href=\"http:\/\/mpkool.ee\/wp-content\/uploads\/2021\/10\/loovtoo-MPK-\u043e\u0444\u043e\u0440\u043c\u043b\u0435\u043d\u0438\u0435-\u0442\u0432_\u0440\u0430\u0431\u043e\u0442\u044b.pdf\">\u041f\u043e\u0440\u044f\u0434\u043e\u043a \u043f\u043e \u0440\u0443\u043a\u043e\u0432\u043e\u0434\u0441\u0442\u0432\u0443, \u043d\u0430\u043f\u0438\u0441\u0430\u043d\u0438\u044e, \u043e\u0444\u043e\u0440\u043c\u043b\u0435\u043d\u0438\u044e \u0438 \u0437\u0430\u0449\u0438\u0442\u0435 \u0442\u0432\u043e\u0440\u0447\u0435\u0441\u043a\u0438\u0445, \u043f\u0440\u0430\u043a\u0442\u0438\u0447\u0435\u0441\u043a\u0438\u0445 \u0438 \u0438\u0441\u0441\u043b\u0435\u0434\u043e\u0432\u0430\u0442\u0435\u043b\u044c\u0441\u043a\u0438\u0445 \u0440\u0430\u0431\u043e\u0442 \u0432 \u041c\u0430\u0430\u0440\u0434\u0443\u0441\u043a\u043e\u0439 \u043e\u0441\u043d\u043e\u0432\u043d\u043e\u0439 \u0448\u043a\u043e\u043b\u0435<\/a><\/td>\n<\/tr>\n<tr class=\"row-8 even\">\n\t<td class=\"column-1\"><a href=\"http:\/\/mpkool.ee\/wp-content\/uploads\/2018\/03\/struktuur_rus-1.pdf\">\u0421\u0442\u0440\u0443\u043a\u0442\u0443\u0440\u0430 \u0438 \u0444\u0443\u043d\u043a\u0446\u0438\u0438 \u0443\u0447\u0435\u043d\u0438\u0447\u0435\u0441\u043a\u043e\u0433\u043e \u0441\u043e\u0432\u0435\u0442\u0430<\/a><\/td>\n<\/tr>\n<tr class=\"row-9 odd\">\n\t<td class=\"column-1\"><a href=\"http:\/\/mpkool.ee\/wp-content\/uploads\/2023\/01\/MPK-HINDAMINE-2022-ru.pdf\">\u0418\u043d\u0441\u0442\u0440\u0443\u043a\u0446\u0438\u044f \u043f\u043e \u043e\u0446\u0435\u043d\u0438\u0432\u0430\u043d\u0438\u044e \u041c\u0430\u0430\u0440\u0434\u0443\u0441\u043a\u043e\u0439 \u043e\u0441\u043d\u043e\u0432\u043d\u043e\u0439 \u0448\u043a\u043e\u043b\u044b<\/a><\/td>\n<\/tr>\n<tr class=\"row-10 even\">\n\t<td class=\"column-1\"><a href=\"http:\/\/mpkool.ee\/wp-content\/uploads\/2017\/04\/\u0423\u0441\u043b\u043e\u0432\u0438\u044f_\u043f\u0440\u0438\u0451\u043c\u0430_\u0443\u0447\u0430\u0449\u0438\u0445\u0441\u044f_\u0432_\u041c\u0430\u0430\u0440\u0434\u0443\u0441\u043a\u0443\u044e_\u043e\u0441\u043d\u043e\u0432\u043d\u0443\u044e_\u0448\u043a\u043e\u043b\u0443.pdf\">\u0423\u0441\u043b\u043e\u0432\u0438\u044f \u043f\u0440\u0438\u0451\u043c\u0430 \u0443\u0447\u0430\u0449\u0438\u0445\u0441\u044f \u0432 \u041c\u0430\u0430\u0440\u0434\u0443\u0441\u043a\u0443\u044e \u043e\u0441\u043d\u043e\u0432\u043d\u0443\u044e \u0448\u043a\u043e\u043b\u0443<\/a><\/td>\n<\/tr>\n<tr class=\"row-11 odd\">\n\t<td class=\"column-1\"><a href=\"http:\/\/mpkool.ee\/wp-content\/uploads\/2017\/04\/\u0423\u0441\u0442\u0430\u0432_\u041c\u0430\u0430\u0440\u0434\u0443\u0441\u043a\u043e\u0439_\u043e\u0441\u043d\u043e\u0432\u043d\u043e\u0439_\u0448\u043a\u043e\u043b\u044b.pdf\">\u0423\u0441\u0442\u0430\u0432 \u041c\u0430\u0430\u0440\u0434\u0443\u0441\u043a\u043e\u0439 \u043e\u0441\u043d\u043e\u0432\u043d\u043e\u0439 \u0448\u043a\u043e\u043b\u044b <\/a><\/td>\n<\/tr>\n<tr class=\"row-12 even\">\n\t<td class=\"column-1\"><a href=\"http:\/\/mpkool.ee\/wp-content\/uploads\/2021\/11\/kodukord_ru_10112021.pdf\">\u0420\u0430\u0441\u043f\u043e\u0440\u044f\u0434\u043e\u043a \u0440\u0430\u0431\u043e\u0442\u044b \u041c\u0430\u0430\u0440\u0434\u0443\u0441\u043a\u043e\u0439 \u043e\u0441\u043d\u043e\u0432\u043d\u043e\u0439 \u0448\u043a\u043e\u043b\u044b<\/a><\/td>\n<\/tr>\n<tr class=\"row-13 odd\">\n\t<td class=\"column-1\"><a href=\"http:\/\/mpkool.ee\/wp-content\/uploads\/2017\/04\/\u0423\u0441\u043b\u043e\u0432\u0438\u044f_\u0438_\u043f\u043e\u0440\u044f\u0434\u043e\u043a_\u0434\u043e\u043c\u0430\u0448\u043d\u0435\u0433\u043e_\u043e\u0431\u0443\u0447\u0435\u043d\u0438\u044f.pdf\">\u0423\u0441\u043b\u043e\u0432\u0438\u044f \u0438 \u043f\u043e\u0440\u044f\u0434\u043e\u043a \u0434\u043e\u043c\u0430\u0448\u043d\u0435\u0433\u043e \u043e\u0431\u0443\u0447\u0435\u043d\u0438\u044f<\/a><\/td>\n<\/tr>\n<tr class=\"row-14 even\">\n\t<td class=\"column-1\"><a href=\"http:\/\/mpkool.ee\/wp-content\/uploads\/2017\/04\/\u041f\u0440\u0430\u0432\u0438\u043b\u0430_\u0432\u043d\u0443\u0442\u0440\u0438\u0448\u043a\u043e\u043b\u044c\u043d\u043e\u0433\u043e_\u0440\u0430\u0441\u043f\u043e\u0440\u044f\u0434\u043a\u0430_\u0434\u043b\u044f_\u0443\u0447\u0430\u0449\u0438\u0445\u0441\u044f.pdf\">\u041f\u0440\u0430\u0432\u0438\u043b\u0430 \u0432\u043d\u0443\u0442\u0440\u0438\u0448\u043a\u043e\u043b\u044c\u043d\u043e\u0433\u043e \u0440\u0430\u0441\u043f\u043e\u0440\u044f\u0434\u043a\u0430 \u0434\u043b\u044f \u0443\u0447\u0430\u0449\u0438\u0445\u0441\u044f <\/a><\/td>\n<\/tr>\n<tr class=\"row-15 odd\">\n\t<td class=\"column-1\"><a href=\"http:\/\/mpkool.ee\/wp-content\/uploads\/2020\/12\/\u041f\u043e\u0440\u044f\u0434\u043e\u043a-\u043f\u043e\u043e\u0449\u0440\u0435\u043d\u0438\u044f-\u0443\u0447\u0435\u043d\u0438\u043a\u043e\u0432-\u041c\u0430\u0430\u0440\u0434\u0443\u0441\u043a\u043e\u0439-\u043e\u0441\u043d\u043e\u0432\u043d\u043e\u0439-\u0448\u043a\u043e\u043b\u044b.pdf\">\u041f\u043e\u0440\u044f\u0434\u043e\u043a \u043f\u043e\u043e\u0449\u0440\u0435\u043d\u0438\u044f \u0443\u0447\u0435\u043d\u0438\u043a\u043e\u0432 M\u0430\u0430\u0440\u0434\u0443\u0441\u043a\u043e\u0439 \u043e\u0441\u043d\u043e\u0432\u043d\u043e\u0439 \u0448\u043a\u043e\u043b\u044b <\/a><\/td>\n<\/tr>\n<\/tbody>\n<\/table>\n<!-- #tablepress-22 from cache -->\n","protected":false},"excerpt":{"rendered":"","protected":false},"author":1,"featured_media":0,"parent":0,"menu_order":0,"comment_status":"closed","ping_status":"closed","template":"","meta":{"footnotes":""},"class_list":["post-25","page","type-page","status-publish","hentry"],"translation":{"provider":"WPGlobus","version":"3.0.0","language":"ru","enabled_languages":["et","ru"],"languages":{"et":{"title":true,"content":true,"excerpt":false},"ru":{"title":true,"content":true,"excerpt":false}}},"yoast_head":"<!-- This site is optimized with the Yoast SEO plugin v26.6 - https:\/\/yoast.com\/wordpress\/plugins\/seo\/ -->\n<title>\u0428\u043a\u043e\u043b\u044c\u043d\u044b\u0435 \u0434\u043e\u043a\u0443\u043c\u0435\u043d\u0442\u044b - \u041c\u0430\u0430\u0440\u0434\u0443\u0441\u043a\u0430\u044f \u041e\u0441\u043d\u043e\u0432\u043d\u0430\u044f \u0428\u043a\u043e\u043b\u0430<\/title>\n<meta name=\"robots\" content=\"index, follow, max-snippet:-1, max-image-preview:large, max-video-preview:-1\" \/>\n<link rel=\"canonical\" href=\"https:\/\/mpkool.ee\/kooli-dokumendid\/\" \/>\n<meta property=\"og:locale\" content=\"ru_RU\" \/>\n<meta property=\"og:type\" content=\"article\" \/>\n<meta property=\"og:title\" content=\"\u0428\u043a\u043e\u043b\u044c\u043d\u044b\u0435 \u0434\u043e\u043a\u0443\u043c\u0435\u043d\u0442\u044b - \u041c\u0430\u0430\u0440\u0434\u0443\u0441\u043a\u0430\u044f \u041e\u0441\u043d\u043e\u0432\u043d\u0430\u044f \u0428\u043a\u043e\u043b\u0430\" \/>\n<meta property=\"og:url\" content=\"https:\/\/mpkool.ee\/kooli-dokumendid\/\" \/>\n<meta property=\"og:site_name\" content=\"\u041c\u0430\u0430\u0440\u0434\u0443\u0441\u043a\u0430\u044f \u041e\u0441\u043d\u043e\u0432\u043d\u0430\u044f \u0428\u043a\u043e\u043b\u0430\" \/>\n<meta property=\"article:publisher\" content=\"https:\/\/www.facebook.com\/maardupk\/\" \/>\n<meta property=\"article:modified_time\" content=\"2026-04-07T15:24:28+00:00\" \/>\n<meta name=\"twitter:card\" content=\"summary_large_image\" \/>\n<meta name=\"twitter:label1\" content=\"\u041f\u0440\u0438\u043c\u0435\u0440\u043d\u043e\u0435 \u0432\u0440\u0435\u043c\u044f \u0434\u043b\u044f \u0447\u0442\u0435\u043d\u0438\u044f\" \/>\n\t<meta name=\"twitter:data1\" content=\"1 \u043c\u0438\u043d\u0443\u0442\u0430\" \/>\n<script type=\"application\/ld+json\" class=\"yoast-schema-graph\">{\"@context\":\"https:\/\/schema.org\",\"@graph\":[{\"@type\":\"WebPage\",\"@id\":\"https:\/\/mpkool.ee\/kooli-dokumendid\/\",\"url\":\"https:\/\/mpkool.ee\/kooli-dokumendid\/\",\"name\":\"\u0428\u043a\u043e\u043b\u044c\u043d\u044b\u0435 \u0434\u043e\u043a\u0443\u043c\u0435\u043d\u0442\u044b - \u041c\u0430\u0430\u0440\u0434\u0443\u0441\u043a\u0430\u044f \u041e\u0441\u043d\u043e\u0432\u043d\u0430\u044f \u0428\u043a\u043e\u043b\u0430\",\"isPartOf\":{\"@id\":\"https:\/\/mpkool.ee\/#website\"},\"datePublished\":\"2017-03-19T16:18:37+00:00\",\"dateModified\":\"2026-04-07T15:24:28+00:00\",\"breadcrumb\":{\"@id\":\"https:\/\/mpkool.ee\/kooli-dokumendid\/#breadcrumb\"},\"inLanguage\":\"ru-RU\",\"potentialAction\":[{\"@type\":\"ReadAction\",\"target\":[\"https:\/\/mpkool.ee\/kooli-dokumendid\/\"]}]},{\"@type\":\"BreadcrumbList\",\"@id\":\"https:\/\/mpkool.ee\/kooli-dokumendid\/#breadcrumb\",\"itemListElement\":[{\"@type\":\"ListItem\",\"position\":1,\"name\":\"\u0413\u043b\u0430\u0432\u043d\u0430\u044f \u0441\u0442\u0440\u0430\u043d\u0438\u0446\u0430\",\"item\":\"https:\/\/mpkool.ee\/\"},{\"@type\":\"ListItem\",\"position\":2,\"name\":\"\u0428\u043a\u043e\u043b\u044c\u043d\u044b\u0435 \u0434\u043e\u043a\u0443\u043c\u0435\u043d\u0442\u044b\"}]},{\"@type\":\"WebSite\",\"@id\":\"https:\/\/mpkool.ee\/#website\",\"url\":\"https:\/\/mpkool.ee\/\",\"name\":\"{:et}Maardu P\u00f5hikool{:}{:ru}\u041c\u0430\u0430\u0440\u0434\u0443\u0441\u043a\u0430\u044f \u041e\u0441\u043d\u043e\u0432\u043d\u0430\u044f \u0428\u043a\u043e\u043b\u0430{:}\",\"description\":\"M\u00f5nus P\u00f5nev Koht\",\"potentialAction\":[{\"@type\":\"SearchAction\",\"target\":{\"@type\":\"EntryPoint\",\"urlTemplate\":\"https:\/\/mpkool.ee\/?s={search_term_string}\"},\"query-input\":{\"@type\":\"PropertyValueSpecification\",\"valueRequired\":true,\"valueName\":\"search_term_string\"}}],\"inLanguage\":\"ru-RU\"}]}<\/script>\n<!-- \/ Yoast SEO plugin. -->","yoast_head_json":{"title":"\u0428\u043a\u043e\u043b\u044c\u043d\u044b\u0435 \u0434\u043e\u043a\u0443\u043c\u0435\u043d\u0442\u044b - \u041c\u0430\u0430\u0440\u0434\u0443\u0441\u043a\u0430\u044f \u041e\u0441\u043d\u043e\u0432\u043d\u0430\u044f \u0428\u043a\u043e\u043b\u0430","robots":{"index":"index","follow":"follow","max-snippet":"max-snippet:-1","max-image-preview":"max-image-preview:large","max-video-preview":"max-video-preview:-1"},"canonical":"https:\/\/mpkool.ee\/kooli-dokumendid\/","og_locale":"ru_RU","og_type":"article","og_title":"\u0428\u043a\u043e\u043b\u044c\u043d\u044b\u0435 \u0434\u043e\u043a\u0443\u043c\u0435\u043d\u0442\u044b - \u041c\u0430\u0430\u0440\u0434\u0443\u0441\u043a\u0430\u044f \u041e\u0441\u043d\u043e\u0432\u043d\u0430\u044f \u0428\u043a\u043e\u043b\u0430","og_url":"https:\/\/mpkool.ee\/kooli-dokumendid\/","og_site_name":"\u041c\u0430\u0430\u0440\u0434\u0443\u0441\u043a\u0430\u044f \u041e\u0441\u043d\u043e\u0432\u043d\u0430\u044f \u0428\u043a\u043e\u043b\u0430","article_publisher":"https:\/\/www.facebook.com\/maardupk\/","article_modified_time":"2026-04-07T15:24:28+00:00","twitter_card":"summary_large_image","twitter_misc":{"\u041f\u0440\u0438\u043c\u0435\u0440\u043d\u043e\u0435 \u0432\u0440\u0435\u043c\u044f \u0434\u043b\u044f \u0447\u0442\u0435\u043d\u0438\u044f":"1 \u043c\u0438\u043d\u0443\u0442\u0430"},"schema":{"@context":"https:\/\/schema.org","@graph":[{"@type":"WebPage","@id":"https:\/\/mpkool.ee\/kooli-dokumendid\/","url":"https:\/\/mpkool.ee\/kooli-dokumendid\/","name":"\u0428\u043a\u043e\u043b\u044c\u043d\u044b\u0435 \u0434\u043e\u043a\u0443\u043c\u0435\u043d\u0442\u044b - \u041c\u0430\u0430\u0440\u0434\u0443\u0441\u043a\u0430\u044f \u041e\u0441\u043d\u043e\u0432\u043d\u0430\u044f \u0428\u043a\u043e\u043b\u0430","isPartOf":{"@id":"https:\/\/mpkool.ee\/#website"},"datePublished":"2017-03-19T16:18:37+00:00","dateModified":"2026-04-07T15:24:28+00:00","breadcrumb":{"@id":"https:\/\/mpkool.ee\/kooli-dokumendid\/#breadcrumb"},"inLanguage":"ru-RU","potentialAction":[{"@type":"ReadAction","target":["https:\/\/mpkool.ee\/kooli-dokumendid\/"]}]},{"@type":"BreadcrumbList","@id":"https:\/\/mpkool.ee\/kooli-dokumendid\/#breadcrumb","itemListElement":[{"@type":"ListItem","position":1,"name":"\u0413\u043b\u0430\u0432\u043d\u0430\u044f \u0441\u0442\u0440\u0430\u043d\u0438\u0446\u0430","item":"https:\/\/mpkool.ee\/"},{"@type":"ListItem","position":2,"name":"\u0428\u043a\u043e\u043b\u044c\u043d\u044b\u0435 \u0434\u043e\u043a\u0443\u043c\u0435\u043d\u0442\u044b"}]},{"@type":"WebSite","@id":"https:\/\/mpkool.ee\/#website","url":"https:\/\/mpkool.ee\/","name":"{:et}Maardu P\u00f5hikool{:}{:ru}\u041c\u0430\u0430\u0440\u0434\u0443\u0441\u043a\u0430\u044f \u041e\u0441\u043d\u043e\u0432\u043d\u0430\u044f \u0428\u043a\u043e\u043b\u0430{:}","description":"M\u00f5nus P\u00f5nev Koht","potentialAction":[{"@type":"SearchAction","target":{"@type":"EntryPoint","urlTemplate":"https:\/\/mpkool.ee\/?s={search_term_string}"},"query-input":{"@type":"PropertyValueSpecification","valueRequired":true,"valueName":"search_term_string"}}],"inLanguage":"ru-RU"}]}},"_links":{"self":[{"href":"https:\/\/mpkool.ee\/ru\/wp-json\/wp\/v2\/pages\/25","targetHints":{"allow":["GET"]}}],"collection":[{"href":"https:\/\/mpkool.ee\/ru\/wp-json\/wp\/v2\/pages"}],"about":[{"href":"https:\/\/mpkool.ee\/ru\/wp-json\/wp\/v2\/types\/page"}],"author":[{"embeddable":true,"href":"https:\/\/mpkool.ee\/ru\/wp-json\/wp\/v2\/users\/1"}],"replies":[{"embeddable":true,"href":"https:\/\/mpkool.ee\/ru\/wp-json\/wp\/v2\/comments?post=25"}],"version-history":[{"count":16,"href":"https:\/\/mpkool.ee\/ru\/wp-json\/wp\/v2\/pages\/25\/revisions"}],"predecessor-version":[{"id":16232,"href":"https:\/\/mpkool.ee\/ru\/wp-json\/wp\/v2\/pages\/25\/revisions\/16232"}],"wp:attachment":[{"href":"https:\/\/mpkool.ee\/ru\/wp-json\/wp\/v2\/media?parent=25"}],"curies":[{"name":"wp","href":"https:\/\/api.w.org\/{rel}","templated":true}]}}