{"id":2,"date":"2017-03-19T18:12:53","date_gmt":"2017-03-19T16:12:53","guid":{"rendered":"http:\/\/mpkool.ee\/test2\/?page_id=2"},"modified":"2017-03-19T18:12:53","modified_gmt":"2017-03-19T16:12:53","slug":"demoleht","status":"publish","type":"page","link":"https:\/\/mpkool.ee\/ru\/demoleht\/","title":{"rendered":"N\u00e4idisleht"},"content":{"rendered":"<p>See on n\u00e4idisleht. See erineb ajaveebipostitusest selle poolest, et on p\u00fcsiva asukohaga ning enamik teemasid n\u00e4itab seda saidi navigeerimismen\u00fc\u00fcs. Enamik inimesi alustab Minust -lehek\u00fcljega, mis kirjeldab neid v\u00f5imalikele k\u00fclastajatele. See v\u00f5iks olla n\u00e4iteks selline: <\/p>\n<blockquote><p>Tere! Ma olen p\u00e4eval jalgrattakuller ja \u00f5htuti algaja n\u00e4itleja ning see on minu ajaveeb. Ma elan Los Angeleses, mul on lahe koer nimega Jack ning ma armastan pi&#241;a coladat (ja vihma k\u00e4tte j\u00e4\u00e4mist).<\/p><\/blockquote>\n<p>&#8230;v\u00f5i midagi sellist:<\/p>\n<blockquote><p>AS XYZ Trullallaavabrik asutati aastal 1971 ja on sellest ajast varustanud \u00fcmbruskonda kvaliteetse trullallaaga. K\u00fckametsas asuv XYZ pakub t\u00f6\u00f6d enam kui 2000 inimesele ning aitab igati kaasa K\u00fckametsa elu-olu arendamisele.<\/p><\/blockquote>\n<p>WordPressiga t\u00f6\u00f6d alustades v\u00f5iksid esmalt minna <a href=\"http:\/\/mpkool.ee\/test2\/wp-admin\/\">oma t\u00f6\u00f6lauale<\/a>, kustutada selle lehe ja panna asemele juba enda omad. J\u00f5udu!<\/p>\n","protected":false},"excerpt":{"rendered":"<p>See on n\u00e4idisleht. See erineb ajaveebipostitusest selle poolest, et on p\u00fcsiva asukohaga ning enamik teemasid n\u00e4itab seda saidi navigeerimismen\u00fc\u00fcs. Enamik inimesi alustab Minust -lehek\u00fcljega, mis kirjeldab neid v\u00f5imalikele k\u00fclastajatele. See v\u00f5iks olla n\u00e4iteks selline: Tere! Ma olen p\u00e4eval jalgrattakuller ja \u00f5htuti algaja n\u00e4itleja ning see on minu ajaveeb. Ma elan Los Angeleses, mul on lahe koer nimega Jack ning ma armastan pi&#241;a coladat (ja vihma k\u00e4tte j\u00e4\u00e4mist). &#8230;v\u00f5i midagi sellist: AS XYZ Trullallaavabrik asutati aastal 1971 ja on sellest ajast&#8230;<\/p>\n<p class=\"read-more\"><a class=\"btn btn-default\" href=\"https:\/\/mpkool.ee\/ru\/demoleht\/\">\u0427\u0438\u0442\u0430\u0442\u044c \u0434\u0430\u043b\u0435\u0435<span class=\"screen-reader-text\"> \u0427\u0438\u0442\u0430\u0442\u044c \u0434\u0430\u043b\u0435\u0435<\/span><\/a><\/p>\n","protected":false},"author":1,"featured_media":0,"parent":0,"menu_order":0,"comment_status":"closed","ping_status":"open","template":"","meta":{"footnotes":""},"class_list":["post-2","page","type-page","status-publish","hentry"],"translation":{"provider":"WPGlobus","version":"3.0.0","language":"ru","enabled_languages":["et","ru"],"languages":{"et":{"title":true,"content":true,"excerpt":false},"ru":{"title":false,"content":false,"excerpt":false}}},"yoast_head":"<!-- This site is optimized with the Yoast SEO plugin v26.6 - https:\/\/yoast.com\/wordpress\/plugins\/seo\/ -->\n<title>N\u00e4idisleht - \u041c\u0430\u0430\u0440\u0434\u0443\u0441\u043a\u0430\u044f \u041e\u0441\u043d\u043e\u0432\u043d\u0430\u044f \u0428\u043a\u043e\u043b\u0430<\/title>\n<meta name=\"robots\" content=\"index, follow, max-snippet:-1, max-image-preview:large, max-video-preview:-1\" \/>\n<link rel=\"canonical\" href=\"https:\/\/mpkool.ee\/demoleht\/\" \/>\n<meta property=\"og:locale\" content=\"ru_RU\" \/>\n<meta property=\"og:type\" content=\"article\" \/>\n<meta property=\"og:title\" content=\"N\u00e4idisleht - \u041c\u0430\u0430\u0440\u0434\u0443\u0441\u043a\u0430\u044f \u041e\u0441\u043d\u043e\u0432\u043d\u0430\u044f \u0428\u043a\u043e\u043b\u0430\" \/>\n<meta property=\"og:url\" content=\"https:\/\/mpkool.ee\/demoleht\/\" \/>\n<meta property=\"og:site_name\" content=\"\u041c\u0430\u0430\u0440\u0434\u0443\u0441\u043a\u0430\u044f \u041e\u0441\u043d\u043e\u0432\u043d\u0430\u044f \u0428\u043a\u043e\u043b\u0430\" \/>\n<meta property=\"article:publisher\" content=\"https:\/\/www.facebook.com\/maardupk\/\" \/>\n<meta name=\"twitter:card\" content=\"summary_large_image\" \/>\n<meta name=\"twitter:label1\" content=\"\u041f\u0440\u0438\u043c\u0435\u0440\u043d\u043e\u0435 \u0432\u0440\u0435\u043c\u044f \u0434\u043b\u044f \u0447\u0442\u0435\u043d\u0438\u044f\" \/>\n\t<meta name=\"twitter:data1\" content=\"1 \u043c\u0438\u043d\u0443\u0442\u0430\" \/>\n<script type=\"application\/ld+json\" class=\"yoast-schema-graph\">{\"@context\":\"https:\/\/schema.org\",\"@graph\":[{\"@type\":\"WebPage\",\"@id\":\"https:\/\/mpkool.ee\/demoleht\/\",\"url\":\"https:\/\/mpkool.ee\/demoleht\/\",\"name\":\"N\u00e4idisleht - \u041c\u0430\u0430\u0440\u0434\u0443\u0441\u043a\u0430\u044f \u041e\u0441\u043d\u043e\u0432\u043d\u0430\u044f \u0428\u043a\u043e\u043b\u0430\",\"isPartOf\":{\"@id\":\"https:\/\/mpkool.ee\/#website\"},\"datePublished\":\"2017-03-19T16:12:53+00:00\",\"breadcrumb\":{\"@id\":\"https:\/\/mpkool.ee\/demoleht\/#breadcrumb\"},\"inLanguage\":\"ru-RU\",\"potentialAction\":[{\"@type\":\"ReadAction\",\"target\":[\"https:\/\/mpkool.ee\/demoleht\/\"]}]},{\"@type\":\"BreadcrumbList\",\"@id\":\"https:\/\/mpkool.ee\/demoleht\/#breadcrumb\",\"itemListElement\":[{\"@type\":\"ListItem\",\"position\":1,\"name\":\"\u0413\u043b\u0430\u0432\u043d\u0430\u044f \u0441\u0442\u0440\u0430\u043d\u0438\u0446\u0430\",\"item\":\"https:\/\/mpkool.ee\/\"},{\"@type\":\"ListItem\",\"position\":2,\"name\":\"N\u00e4idisleht\"}]},{\"@type\":\"WebSite\",\"@id\":\"https:\/\/mpkool.ee\/#website\",\"url\":\"https:\/\/mpkool.ee\/\",\"name\":\"{:et}Maardu P\u00f5hikool{:}{:ru}\u041c\u0430\u0430\u0440\u0434\u0443\u0441\u043a\u0430\u044f \u041e\u0441\u043d\u043e\u0432\u043d\u0430\u044f \u0428\u043a\u043e\u043b\u0430{:}\",\"description\":\"M\u00f5nus P\u00f5nev Koht\",\"potentialAction\":[{\"@type\":\"SearchAction\",\"target\":{\"@type\":\"EntryPoint\",\"urlTemplate\":\"https:\/\/mpkool.ee\/?s={search_term_string}\"},\"query-input\":{\"@type\":\"PropertyValueSpecification\",\"valueRequired\":true,\"valueName\":\"search_term_string\"}}],\"inLanguage\":\"ru-RU\"}]}<\/script>\n<!-- \/ Yoast SEO plugin. -->","yoast_head_json":{"title":"N\u00e4idisleht - \u041c\u0430\u0430\u0440\u0434\u0443\u0441\u043a\u0430\u044f \u041e\u0441\u043d\u043e\u0432\u043d\u0430\u044f \u0428\u043a\u043e\u043b\u0430","robots":{"index":"index","follow":"follow","max-snippet":"max-snippet:-1","max-image-preview":"max-image-preview:large","max-video-preview":"max-video-preview:-1"},"canonical":"https:\/\/mpkool.ee\/demoleht\/","og_locale":"ru_RU","og_type":"article","og_title":"N\u00e4idisleht - \u041c\u0430\u0430\u0440\u0434\u0443\u0441\u043a\u0430\u044f \u041e\u0441\u043d\u043e\u0432\u043d\u0430\u044f \u0428\u043a\u043e\u043b\u0430","og_url":"https:\/\/mpkool.ee\/demoleht\/","og_site_name":"\u041c\u0430\u0430\u0440\u0434\u0443\u0441\u043a\u0430\u044f \u041e\u0441\u043d\u043e\u0432\u043d\u0430\u044f \u0428\u043a\u043e\u043b\u0430","article_publisher":"https:\/\/www.facebook.com\/maardupk\/","twitter_card":"summary_large_image","twitter_misc":{"\u041f\u0440\u0438\u043c\u0435\u0440\u043d\u043e\u0435 \u0432\u0440\u0435\u043c\u044f \u0434\u043b\u044f \u0447\u0442\u0435\u043d\u0438\u044f":"1 \u043c\u0438\u043d\u0443\u0442\u0430"},"schema":{"@context":"https:\/\/schema.org","@graph":[{"@type":"WebPage","@id":"https:\/\/mpkool.ee\/demoleht\/","url":"https:\/\/mpkool.ee\/demoleht\/","name":"N\u00e4idisleht - \u041c\u0430\u0430\u0440\u0434\u0443\u0441\u043a\u0430\u044f \u041e\u0441\u043d\u043e\u0432\u043d\u0430\u044f \u0428\u043a\u043e\u043b\u0430","isPartOf":{"@id":"https:\/\/mpkool.ee\/#website"},"datePublished":"2017-03-19T16:12:53+00:00","breadcrumb":{"@id":"https:\/\/mpkool.ee\/demoleht\/#breadcrumb"},"inLanguage":"ru-RU","potentialAction":[{"@type":"ReadAction","target":["https:\/\/mpkool.ee\/demoleht\/"]}]},{"@type":"BreadcrumbList","@id":"https:\/\/mpkool.ee\/demoleht\/#breadcrumb","itemListElement":[{"@type":"ListItem","position":1,"name":"\u0413\u043b\u0430\u0432\u043d\u0430\u044f \u0441\u0442\u0440\u0430\u043d\u0438\u0446\u0430","item":"https:\/\/mpkool.ee\/"},{"@type":"ListItem","position":2,"name":"N\u00e4idisleht"}]},{"@type":"WebSite","@id":"https:\/\/mpkool.ee\/#website","url":"https:\/\/mpkool.ee\/","name":"{:et}Maardu P\u00f5hikool{:}{:ru}\u041c\u0430\u0430\u0440\u0434\u0443\u0441\u043a\u0430\u044f \u041e\u0441\u043d\u043e\u0432\u043d\u0430\u044f \u0428\u043a\u043e\u043b\u0430{:}","description":"M\u00f5nus P\u00f5nev Koht","potentialAction":[{"@type":"SearchAction","target":{"@type":"EntryPoint","urlTemplate":"https:\/\/mpkool.ee\/?s={search_term_string}"},"query-input":{"@type":"PropertyValueSpecification","valueRequired":true,"valueName":"search_term_string"}}],"inLanguage":"ru-RU"}]}},"_links":{"self":[{"href":"https:\/\/mpkool.ee\/ru\/wp-json\/wp\/v2\/pages\/2","targetHints":{"allow":["GET"]}}],"collection":[{"href":"https:\/\/mpkool.ee\/ru\/wp-json\/wp\/v2\/pages"}],"about":[{"href":"https:\/\/mpkool.ee\/ru\/wp-json\/wp\/v2\/types\/page"}],"author":[{"embeddable":true,"href":"https:\/\/mpkool.ee\/ru\/wp-json\/wp\/v2\/users\/1"}],"replies":[{"embeddable":true,"href":"https:\/\/mpkool.ee\/ru\/wp-json\/wp\/v2\/comments?post=2"}],"version-history":[{"count":1,"href":"https:\/\/mpkool.ee\/ru\/wp-json\/wp\/v2\/pages\/2\/revisions"}],"predecessor-version":[{"id":264,"href":"https:\/\/mpkool.ee\/ru\/wp-json\/wp\/v2\/pages\/2\/revisions\/264"}],"wp:attachment":[{"href":"https:\/\/mpkool.ee\/ru\/wp-json\/wp\/v2\/media?parent=2"}],"curies":[{"name":"wp","href":"https:\/\/api.w.org\/{rel}","templated":true}]}}