{"id":14973,"date":"2025-01-17T10:33:48","date_gmt":"2025-01-17T08:33:48","guid":{"rendered":"http:\/\/mpkool.ee\/?page_id=14973"},"modified":"2025-01-17T10:34:10","modified_gmt":"2025-01-17T08:34:10","slug":"ainevaldkond-loodusained","status":"publish","type":"page","link":"https:\/\/mpkool.ee\/ru\/ainevaldkond-loodusained\/","title":{"rendered":"AINEVALDKOND \u201eLOODUSAINED\u201c"},"content":{"rendered":"<h3><a href=\"http:\/\/mpkool.ee\/wp-content\/uploads\/2025\/01\/\u00d5PPEKAVA-AINEVALDKOND-LOODUSAINET.pdf\">AINEVALDKOND LOODUSAINET<\/a><\/h3>\n<ul>\n<li>\n<h3><a href=\"http:\/\/mpkool.ee\/wp-content\/uploads\/2025\/01\/\u00d5PPEKAVA-AINEKAVA-LOODUS\u00d5PETUS.pdf\">AINEKAVA LOODUS\u00d5PETUS<\/a><\/h3>\n<\/li>\n<li>\n<h3><a href=\"http:\/\/mpkool.ee\/wp-content\/uploads\/2025\/01\/\u00d5PPEKAVA-AINEKAVA-BIOLOOGIA.pdf\">AINEKAVA BIOLOOGIA<\/a><\/h3>\n<\/li>\n<li>\n<h3><a href=\"http:\/\/mpkool.ee\/wp-content\/uploads\/2025\/01\/\u00d5PPEKAVA-AINEKAVA-GEOGRAAFIA.pdf\">AINEKAVA GEOGRAAFIA<\/a><\/h3>\n<\/li>\n<li>\n<h3><a href=\"http:\/\/mpkool.ee\/wp-content\/uploads\/2025\/01\/\u00d5PPEKAVA-AINEKAVA-F\u00dc\u00dcSIKA.pdf\">\u00a0AINEKAVA F\u00dc\u00dcSIKA<\/a><\/h3>\n<\/li>\n<\/ul>\n","protected":false},"excerpt":{"rendered":"<p>AINEVALDKOND LOODUSAINET AINEKAVA LOODUS\u00d5PETUS AINEKAVA BIOLOOGIA AINEKAVA GEOGRAAFIA \u00a0AINEKAVA F\u00dc\u00dcSIKA<\/p>\n","protected":false},"author":4,"featured_media":0,"parent":0,"menu_order":0,"comment_status":"closed","ping_status":"closed","template":"","meta":{"footnotes":""},"class_list":["post-14973","page","type-page","status-publish","hentry"],"translation":{"provider":"WPGlobus","version":"3.0.0","language":"ru","enabled_languages":["et","ru"],"languages":{"et":{"title":true,"content":true,"excerpt":false},"ru":{"title":false,"content":false,"excerpt":false}}},"yoast_head":"<!-- This site is optimized with the Yoast SEO plugin v26.6 - https:\/\/yoast.com\/wordpress\/plugins\/seo\/ -->\n<title>AINEVALDKOND \u201eLOODUSAINED\u201c - \u041c\u0430\u0430\u0440\u0434\u0443\u0441\u043a\u0430\u044f \u041e\u0441\u043d\u043e\u0432\u043d\u0430\u044f \u0428\u043a\u043e\u043b\u0430<\/title>\n<meta name=\"robots\" content=\"index, follow, max-snippet:-1, max-image-preview:large, max-video-preview:-1\" \/>\n<link rel=\"canonical\" href=\"https:\/\/mpkool.ee\/ainevaldkond-loodusained\/\" \/>\n<meta property=\"og:locale\" content=\"ru_RU\" \/>\n<meta property=\"og:type\" content=\"article\" \/>\n<meta property=\"og:title\" content=\"AINEVALDKOND \u201eLOODUSAINED\u201c - \u041c\u0430\u0430\u0440\u0434\u0443\u0441\u043a\u0430\u044f \u041e\u0441\u043d\u043e\u0432\u043d\u0430\u044f \u0428\u043a\u043e\u043b\u0430\" \/>\n<meta property=\"og:url\" content=\"https:\/\/mpkool.ee\/ainevaldkond-loodusained\/\" \/>\n<meta property=\"og:site_name\" content=\"\u041c\u0430\u0430\u0440\u0434\u0443\u0441\u043a\u0430\u044f \u041e\u0441\u043d\u043e\u0432\u043d\u0430\u044f \u0428\u043a\u043e\u043b\u0430\" \/>\n<meta property=\"article:publisher\" content=\"https:\/\/www.facebook.com\/maardupk\/\" \/>\n<meta property=\"article:modified_time\" content=\"2025-01-17T08:34:10+00:00\" \/>\n<meta name=\"twitter:card\" content=\"summary_large_image\" \/>\n<script type=\"application\/ld+json\" class=\"yoast-schema-graph\">{\"@context\":\"https:\/\/schema.org\",\"@graph\":[{\"@type\":\"WebPage\",\"@id\":\"https:\/\/mpkool.ee\/ainevaldkond-loodusained\/\",\"url\":\"https:\/\/mpkool.ee\/ainevaldkond-loodusained\/\",\"name\":\"AINEVALDKOND \u201eLOODUSAINED\u201c - \u041c\u0430\u0430\u0440\u0434\u0443\u0441\u043a\u0430\u044f \u041e\u0441\u043d\u043e\u0432\u043d\u0430\u044f \u0428\u043a\u043e\u043b\u0430\",\"isPartOf\":{\"@id\":\"https:\/\/mpkool.ee\/#website\"},\"datePublished\":\"2025-01-17T08:33:48+00:00\",\"dateModified\":\"2025-01-17T08:34:10+00:00\",\"breadcrumb\":{\"@id\":\"https:\/\/mpkool.ee\/ainevaldkond-loodusained\/#breadcrumb\"},\"inLanguage\":\"ru-RU\",\"potentialAction\":[{\"@type\":\"ReadAction\",\"target\":[\"https:\/\/mpkool.ee\/ainevaldkond-loodusained\/\"]}]},{\"@type\":\"BreadcrumbList\",\"@id\":\"https:\/\/mpkool.ee\/ainevaldkond-loodusained\/#breadcrumb\",\"itemListElement\":[{\"@type\":\"ListItem\",\"position\":1,\"name\":\"\u0413\u043b\u0430\u0432\u043d\u0430\u044f \u0441\u0442\u0440\u0430\u043d\u0438\u0446\u0430\",\"item\":\"https:\/\/mpkool.ee\/\"},{\"@type\":\"ListItem\",\"position\":2,\"name\":\"AINEVALDKOND \u201eLOODUSAINED\u201c\"}]},{\"@type\":\"WebSite\",\"@id\":\"https:\/\/mpkool.ee\/#website\",\"url\":\"https:\/\/mpkool.ee\/\",\"name\":\"{:et}Maardu P\u00f5hikool{:}{:ru}\u041c\u0430\u0430\u0440\u0434\u0443\u0441\u043a\u0430\u044f \u041e\u0441\u043d\u043e\u0432\u043d\u0430\u044f \u0428\u043a\u043e\u043b\u0430{:}\",\"description\":\"M\u00f5nus P\u00f5nev Koht\",\"potentialAction\":[{\"@type\":\"SearchAction\",\"target\":{\"@type\":\"EntryPoint\",\"urlTemplate\":\"https:\/\/mpkool.ee\/?s={search_term_string}\"},\"query-input\":{\"@type\":\"PropertyValueSpecification\",\"valueRequired\":true,\"valueName\":\"search_term_string\"}}],\"inLanguage\":\"ru-RU\"}]}<\/script>\n<!-- \/ Yoast SEO plugin. -->","yoast_head_json":{"title":"AINEVALDKOND \u201eLOODUSAINED\u201c - \u041c\u0430\u0430\u0440\u0434\u0443\u0441\u043a\u0430\u044f \u041e\u0441\u043d\u043e\u0432\u043d\u0430\u044f \u0428\u043a\u043e\u043b\u0430","robots":{"index":"index","follow":"follow","max-snippet":"max-snippet:-1","max-image-preview":"max-image-preview:large","max-video-preview":"max-video-preview:-1"},"canonical":"https:\/\/mpkool.ee\/ainevaldkond-loodusained\/","og_locale":"ru_RU","og_type":"article","og_title":"AINEVALDKOND \u201eLOODUSAINED\u201c - \u041c\u0430\u0430\u0440\u0434\u0443\u0441\u043a\u0430\u044f \u041e\u0441\u043d\u043e\u0432\u043d\u0430\u044f \u0428\u043a\u043e\u043b\u0430","og_url":"https:\/\/mpkool.ee\/ainevaldkond-loodusained\/","og_site_name":"\u041c\u0430\u0430\u0440\u0434\u0443\u0441\u043a\u0430\u044f \u041e\u0441\u043d\u043e\u0432\u043d\u0430\u044f \u0428\u043a\u043e\u043b\u0430","article_publisher":"https:\/\/www.facebook.com\/maardupk\/","article_modified_time":"2025-01-17T08:34:10+00:00","twitter_card":"summary_large_image","schema":{"@context":"https:\/\/schema.org","@graph":[{"@type":"WebPage","@id":"https:\/\/mpkool.ee\/ainevaldkond-loodusained\/","url":"https:\/\/mpkool.ee\/ainevaldkond-loodusained\/","name":"AINEVALDKOND \u201eLOODUSAINED\u201c - \u041c\u0430\u0430\u0440\u0434\u0443\u0441\u043a\u0430\u044f \u041e\u0441\u043d\u043e\u0432\u043d\u0430\u044f \u0428\u043a\u043e\u043b\u0430","isPartOf":{"@id":"https:\/\/mpkool.ee\/#website"},"datePublished":"2025-01-17T08:33:48+00:00","dateModified":"2025-01-17T08:34:10+00:00","breadcrumb":{"@id":"https:\/\/mpkool.ee\/ainevaldkond-loodusained\/#breadcrumb"},"inLanguage":"ru-RU","potentialAction":[{"@type":"ReadAction","target":["https:\/\/mpkool.ee\/ainevaldkond-loodusained\/"]}]},{"@type":"BreadcrumbList","@id":"https:\/\/mpkool.ee\/ainevaldkond-loodusained\/#breadcrumb","itemListElement":[{"@type":"ListItem","position":1,"name":"\u0413\u043b\u0430\u0432\u043d\u0430\u044f \u0441\u0442\u0440\u0430\u043d\u0438\u0446\u0430","item":"https:\/\/mpkool.ee\/"},{"@type":"ListItem","position":2,"name":"AINEVALDKOND \u201eLOODUSAINED\u201c"}]},{"@type":"WebSite","@id":"https:\/\/mpkool.ee\/#website","url":"https:\/\/mpkool.ee\/","name":"{:et}Maardu P\u00f5hikool{:}{:ru}\u041c\u0430\u0430\u0440\u0434\u0443\u0441\u043a\u0430\u044f \u041e\u0441\u043d\u043e\u0432\u043d\u0430\u044f \u0428\u043a\u043e\u043b\u0430{:}","description":"M\u00f5nus P\u00f5nev Koht","potentialAction":[{"@type":"SearchAction","target":{"@type":"EntryPoint","urlTemplate":"https:\/\/mpkool.ee\/?s={search_term_string}"},"query-input":{"@type":"PropertyValueSpecification","valueRequired":true,"valueName":"search_term_string"}}],"inLanguage":"ru-RU"}]}},"_links":{"self":[{"href":"https:\/\/mpkool.ee\/ru\/wp-json\/wp\/v2\/pages\/14973","targetHints":{"allow":["GET"]}}],"collection":[{"href":"https:\/\/mpkool.ee\/ru\/wp-json\/wp\/v2\/pages"}],"about":[{"href":"https:\/\/mpkool.ee\/ru\/wp-json\/wp\/v2\/types\/page"}],"author":[{"embeddable":true,"href":"https:\/\/mpkool.ee\/ru\/wp-json\/wp\/v2\/users\/4"}],"replies":[{"embeddable":true,"href":"https:\/\/mpkool.ee\/ru\/wp-json\/wp\/v2\/comments?post=14973"}],"version-history":[{"count":3,"href":"https:\/\/mpkool.ee\/ru\/wp-json\/wp\/v2\/pages\/14973\/revisions"}],"predecessor-version":[{"id":14981,"href":"https:\/\/mpkool.ee\/ru\/wp-json\/wp\/v2\/pages\/14973\/revisions\/14981"}],"wp:attachment":[{"href":"https:\/\/mpkool.ee\/ru\/wp-json\/wp\/v2\/media?parent=14973"}],"curies":[{"name":"wp","href":"https:\/\/api.w.org\/{rel}","templated":true}]}}