{"id":13786,"date":"2023-10-25T13:33:16","date_gmt":"2023-10-25T10:33:16","guid":{"rendered":"http:\/\/mpkool.ee\/?page_id=13786"},"modified":"2023-10-25T13:36:34","modified_gmt":"2023-10-25T10:36:34","slug":"hoolekogu-dokumendid","status":"publish","type":"page","link":"https:\/\/mpkool.ee\/ru\/dokumendid-ja-seadused\/hoolekogu\/hoolekogu-dokumendid\/","title":{"rendered":"Hoolekogu dokumendid"},"content":{"rendered":"\n<table id=\"tablepress-38\" class=\"tablepress tablepress-id-38\">\n<tbody class=\"row-hover\">\n<tr class=\"row-1 odd\">\n\t<td class=\"column-1\"><a href=\"http:\/\/MAARDU P\u00d5HIKOOLI HOOLEKOGU KOOSOLEK 1. detsember 2025.a PROTOKOLL nr.1.1-4\/3\" target=\"_blank\">MAARDU P\u00d5HIKOOLI HOOLEKOGU KOOSOLEK  PROTOKOLL nr.1.1-4\/3  1. detsember 2025.a<\/a><\/td>\n<\/tr>\n<tr class=\"row-2 even\">\n\t<td class=\"column-1\"><a href=\"https:\/\/mpkool.ee\/wp-content\/uploads\/2026\/04\/hoolekogu-4_25_26.pdf\" target=\"_blank\">MAARDU P\u00d5HIKOOLI HOOLEKOGU KOOSOLEK PROTOKOLL nr. nr.1.1-4\/2 16. m\u00e4rts 2026.a<\/a><\/td>\n<\/tr>\n<tr class=\"row-3 odd\">\n\t<td class=\"column-1\"><a href=\"http:\/\/mpkool.ee\/wp-content\/uploads\/2026\/04\/hoolekogu-3_25_26.pdf\" target=\"_blank\">MAARDU P\u00d5HIKOOLI HOOLEKOGU KOOSOLEK PROTOKOLL nr.1.1-4\/1 04. m\u00e4rts 2026.a<\/a><\/td>\n<\/tr>\n<tr class=\"row-4 even\">\n\t<td class=\"column-1\"><a href=\"http:\/\/MAARDU P\u00d5HIKOOLI HOOLEKOGU KOOSOLEK 17.veebruar 2025.a PROTOKOLL nr.1.1-4\/1\" target=\"_blank\">HOOLEKOGU KOOSOLEK PROTOKOLL nr.1.1-4\/1<\/a><\/td>\n<\/tr>\n<tr class=\"row-5 odd\">\n\t<td class=\"column-1\"><a href=\"http:\/\/mpkool.ee\/wp-content\/uploads\/2026\/04\/hoolekogu-1_25_26.pdf\" target=\"_blank\">HOOLEKOGU KOOSOLEK PROTOKOLL nr.1.1-4\/2 <\/a><\/td>\n<\/tr>\n<tr class=\"row-6 even\">\n\t<td class=\"column-1\"><a href=\"https:\/\/mpkool.ee\/wp-content\/uploads\/2025\/02\/hoolekogu4_23_24.pdf\">MAARDU P\u00d5HIKOOLI HOOLEKOGU KOOSOLEK PROTOKOLL nr.1.1-4\/3<\/a><\/td>\n<\/tr>\n<tr class=\"row-7 odd\">\n\t<td class=\"column-1\"><a href=\"https:\/\/mpkool.ee\/wp-content\/uploads\/2025\/02\/Hoolekogu2_23_24.pdf\">MAARDU P\u00d5HIKOOLI HOOLEKOGU KOOSOLEK PROTOKOLL nr.1.1-4\/1<\/a><\/td>\n<\/tr>\n<tr class=\"row-8 even\">\n\t<td class=\"column-1\"><a href=\"https:\/\/mpkool.ee\/wp-content\/uploads\/2025\/02\/hoolekogu3_23_24.pdf\">MAARDU P\u00d5HIKOOLI HOOLEKOGU KOOSOLEK PROTOKOLL nr.1.1-4\/1<\/a><\/td>\n<\/tr>\n<tr class=\"row-9 odd\">\n\t<td class=\"column-1\"><a href=\"https:\/\/mpkool.ee\/wp-content\/uploads\/2025\/02\/hoolekogu1_23_24.pdf\">MAARDU P\u00d5HIKOOLI HOOLEKOGU KOOSOLEK PROTOKOLL nr.1.1-4\/7<\/a><\/td>\n<\/tr>\n<tr class=\"row-10 even\">\n\t<td class=\"column-1\"><a href=\"https:\/\/mpkool.ee\/wp-content\/uploads\/2025\/02\/hoolekogu7_22_23.pdf\">MAARDU P\u00d5HIKOOLI HOOLEKOGU KOOSOLEK PROTOKOLL nr.1.1-5\/2<\/a><\/td>\n<\/tr>\n<tr class=\"row-11 odd\">\n\t<td class=\"column-1\"><a href=\"https:\/\/mpkool.ee\/wp-content\/uploads\/2025\/02\/hoolekogu4_22_23.pdf\">MAARDU P\u00d5HIKOOLI HOOLEKOGU KOOSOLEK PROTOKOLL nr.1.1-4\/2<\/a><\/td>\n<\/tr>\n<tr class=\"row-12 even\">\n\t<td class=\"column-1\"><a href=\"http:\/\/mpkool.ee\/wp-content\/uploads\/2022\/10\/SKM_C22422101111072.pdf\">Artikkel 73. Hoolekogu<\/a><\/td>\n<\/tr>\n<tr class=\"row-13 odd\">\n\t<td class=\"column-1\"><a href=\"http:\/\/mpkool.ee\/wp-content\/uploads\/2019\/12\/hoolekogu_\u00f5ppe_ja_kasvatustegevuse_p\u00f5hisuunad.pdf\">  Maardu p\u00f5hikooli hoolekogu \u00f5ppe- ja kasvatustegevuse p\u00f5hisuunad 2019\/2020. \u00f5ppeaastal<\/a><\/td>\n<\/tr>\n<tr class=\"row-14 even\">\n\t<td class=\"column-1\"><a href=\"http:\/\/mpkool.ee\/wp-content\/uploads\/2022\/11\/MP_hoolekogu-koosolek_18.10.2022.pdf\">Maardu p\u00f5hikooli Hoolekogu koosoleku protokoll 18.10.2022.a nr.1.1-4\/3<br \/>\n<\/a><\/td>\n<\/tr>\n<tr class=\"row-15 odd\">\n\t<td class=\"column-1\"><a href=\"http:\/\/mpkool.ee\/wp-content\/uploads\/2022\/04\/hoolekogu6_21_22.pdf\">Maardu p\u00f5hikooli Hoolekogu koosoleku protokoll 25.04.2022.a nr. 1.1-4\/1<\/a><\/td>\n<\/tr>\n<tr class=\"row-16 even\">\n\t<td class=\"column-1\"><a href=\"http:\/\/mpkool.ee\/wp-content\/uploads\/2022\/04\/hoolekogu5_21_22.pdf\"> Maardu p\u00f5hikooli Hoolekogu koosoleku protokoll 1.04.2022.a nr. 5\/01-04<\/a><\/td>\n<\/tr>\n<tr class=\"row-17 odd\">\n\t<td class=\"column-1\"><a href=\"http:\/\/mpkool.ee\/wp-content\/uploads\/2022\/04\/hoolekogu4_21_22.pdf\">Maardu p\u00f5hikooli Hoolekogu koosoleku protokoll 21.02.2022.a nr. 4\/21-02<\/a><\/td>\n<\/tr>\n<tr class=\"row-18 even\">\n\t<td class=\"column-1\"><a href=\"http:\/\/mpkool.ee\/wp-content\/uploads\/2022\/03\/V\u00e4ljav\u00f5te3_21_22.pdf\">V\u00e4ljav\u00f5te: Maardu p\u00f5hikooli Hoolekogu koosoleku protokoll 20.12.2021.a nr. 3\/20-12<\/a><\/td>\n<\/tr>\n<tr class=\"row-19 odd\">\n\t<td class=\"column-1\"><a href=\"http:\/\/mpkool.ee\/wp-content\/uploads\/2022\/03\/V\u00e4ljav\u00f5te2_21_22.pdf\"> V\u00e4ljav\u00f5te: Maardu p\u00f5hikooli Hoolekogu koosoleku protokoll 15.11.2021.a nr. 2\/15-11<\/a><\/td>\n<\/tr>\n<tr class=\"row-20 even\">\n\t<td class=\"column-1\"><a href=\"http:\/\/mpkool.ee\/wp-content\/uploads\/2022\/05\/hoolekogu1_21_22-2.pdf\"> Maardu p\u00f5hikooli Hoolekogu koosoleku protokoll 13.09.2021.a nr. 1\/13-09<\/a><\/td>\n<\/tr>\n<tr class=\"row-21 odd\">\n\t<td class=\"column-1\"><a href=\"http:\/\/mpkool.ee\/wp-content\/uploads\/2021\/06\/hoolekogu5_20_21.pdf\"> Maardu p\u00f5hikooli Hoolekogu koosoleku protokoll 17.05.2021.a nr. 5\/17-05<\/a><\/td>\n<\/tr>\n<tr class=\"row-22 even\">\n\t<td class=\"column-1\"><a href=\"http:\/\/mpkool.ee\/wp-content\/uploads\/2021\/06\/hoolekogu4_20_21.pdf\"> Maardu p\u00f5hikooli Hoolekogu koosoleku protokoll 22.03.2021.a nr. 4\/22-03<\/a><\/td>\n<\/tr>\n<tr class=\"row-23 odd\">\n\t<td class=\"column-1\"><a href=\"http:\/\/mpkool.ee\/wp-content\/uploads\/2021\/06\/hoolekogu3_20_21.pdf\"> Maardu p\u00f5hikooli Hoolekogu koosoleku protokoll 01.02.2021.a nr.3\/01-02<\/a><\/td>\n<\/tr>\n<tr class=\"row-24 even\">\n\t<td class=\"column-1\"><a href=\"http:\/\/mpkool.ee\/wp-content\/uploads\/2021\/02\/MAARDU-P\u00d5HIKOOLI-\u00d5PPEN\u00d5UKOGU_2-2020.pdf\"> Maardu p\u00f5hikooli Hoolekogu koosoleku protokoll 07.12.2020.a nr 2\/07-12<\/a><\/td>\n<\/tr>\n<tr class=\"row-25 odd\">\n\t<td class=\"column-1\"><a href=\"http:\/\/mpkool.ee\/wp-content\/uploads\/2021\/12\/V\u00e4ljav\u00f5te1_20_21.pdf\"> V\u00e4ljav\u00f5te: Maardu p\u00f5hikooli Hoolekogu koosoleku protokoll 10.11.2020.a nr 1\/10-11<\/a><\/td>\n<\/tr>\n<tr class=\"row-26 even\">\n\t<td class=\"column-1\"><a href=\"http:\/\/mpkool.ee\/wp-content\/uploads\/2021\/12\/hoolekogu1_20_21.pdf\"> Maardu p\u00f5hikooli Hoolekogu koosoleku protokoll 10.11.2020.a nr 1\/10-11<\/a><\/td>\n<\/tr>\n<tr class=\"row-27 odd\">\n\t<td class=\"column-1\"><a href=\"http:\/\/mpkool.ee\/wp-content\/uploads\/2020\/01\/Hoolekogu-2-2019_2020.pdf\"> Maardu p\u00f5hikooli Hoolekogu koosoleku protokoll 29.11.2019.a nr 2<\/a><\/td>\n<\/tr>\n<tr class=\"row-28 even\">\n\t<td class=\"column-1\"><a href=\"http:\/\/mpkool.ee\/wp-content\/uploads\/2019\/12\/Hoolekogu.-2019-2020a.-1.koosolek.pdf\"> Maardu p\u00f5hikooli Hoolekogu koosoleku protokoll 23.09.2019.a nr 1<\/a><\/td>\n<\/tr>\n<tr class=\"row-29 odd\">\n\t<td class=\"column-1\"><a href=\"http:\/\/mpkool.ee\/wp-content\/uploads\/2019\/06\/Hoolekogu-PROTOKOLL-3.pdf\"> Maardu p\u00f5hikooli Hoolekogu koosoleku protokoll 13.02.2019.a nr 3<\/a><\/td>\n<\/tr>\n<tr class=\"row-30 even\">\n\t<td class=\"column-1\"><a href=\"http:\/\/mpkool.ee\/wp-content\/uploads\/2019\/06\/Hoolekogu-koosolek-nr-2.pdf\"> Maardu p\u00f5hikooli Hoolekogu koosoleku protokoll 28.11.2018.a nr 2<\/a><\/td>\n<\/tr>\n<tr class=\"row-31 odd\">\n\t<td class=\"column-1\"><a href=\"http:\/\/mpkool.ee\/wp-content\/uploads\/2019\/01\/22.10.2018-Hoolekogu-protokoll..pdf\"> Maardu p\u00f5hikooli Hoolekogu koosoleku protokoll 22.10.2018.a nr 1<\/a><\/td>\n<\/tr>\n<tr class=\"row-32 even\">\n\t<td class=\"column-1\"><a href=\"http:\/\/mpkool.ee\/wp-content\/uploads\/2018\/10\/Hoolekogu-koosolek-nr-7.pdf\"> Maardu p\u00f5hikooli Hoolekogu koosoleku protokoll 11.09.2018.a nr 7<\/a><\/td>\n<\/tr>\n<tr class=\"row-33 odd\">\n\t<td class=\"column-1\"><a href=\"http:\/\/mpkool.ee\/wp-content\/uploads\/2018\/10\/Hoolekogu-koosolek-28.08.2018.pdf\"> Maardu p\u00f5hikooli Hoolekogu koosoleku protokoll 28.08.2018.a nr 6<\/a><\/td>\n<\/tr>\n<tr class=\"row-34 even\">\n\t<td class=\"column-1\"><a href=\"http:\/\/mpkool.ee\/wp-content\/uploads\/2018\/11\/Hoolekogu-koosolek-nr-5..pdf\"> Maardu p\u00f5hikooli Hoolekogu koosoleku protokoll 05.06.2018.a nr 5<\/a><\/td>\n<\/tr>\n<tr class=\"row-35 odd\">\n\t<td class=\"column-1\"><a href=\"http:\/\/mpkool.ee\/wp-content\/uploads\/2018\/10\/Hoolekogu-koosolek-nr-4.pdf\"> Maardu p\u00f5hikooli Hoolekogu koosoleku protokoll 24.04.2018.a nr 4<\/a><\/td>\n<\/tr>\n<tr class=\"row-36 even\">\n\t<td class=\"column-1\"><a href=\"http:\/\/mpkool.ee\/wp-content\/uploads\/2018\/10\/Hoolekogu-koosolek-nr-3.pdf\"> Maardu p\u00f5hikooli Hoolekogu koosoleku protokoll 07.03.2018.a nr 3<\/a><\/td>\n<\/tr>\n<tr class=\"row-37 odd\">\n\t<td class=\"column-1\"><a href=\"http:\/\/mpkool.ee\/wp-content\/uploads\/2018\/03\/Maardu_Pohikool_Hoolekogu_koosseis.pdf\">Maardu munitsipaalkoolide hoolekogude koosseisude kinnitamine \u00f5ppeaastaks 2017\/2018<\/a><\/td>\n<\/tr>\n<tr class=\"row-38 even\">\n\t<td class=\"column-1\"><a href=\"http:\/\/mpkool.ee\/wp-content\/uploads\/2018\/03\/Hoolekogu-arvamus.pdf\">Hoolekogu arvamus<\/a><\/td>\n<\/tr>\n<\/tbody>\n<\/table>\n<!-- #tablepress-38 from cache -->\n","protected":false},"excerpt":{"rendered":"","protected":false},"author":4,"featured_media":0,"parent":2698,"menu_order":1,"comment_status":"closed","ping_status":"closed","template":"","meta":{"footnotes":""},"class_list":["post-13786","page","type-page","status-publish","hentry"],"translation":{"provider":"WPGlobus","version":"3.0.0","language":"ru","enabled_languages":["et","ru"],"languages":{"et":{"title":true,"content":true,"excerpt":false},"ru":{"title":false,"content":false,"excerpt":false}}},"yoast_head":"<!-- This site is optimized with the Yoast SEO plugin v26.6 - https:\/\/yoast.com\/wordpress\/plugins\/seo\/ -->\n<title>Hoolekogu dokumendid - \u041c\u0430\u0430\u0440\u0434\u0443\u0441\u043a\u0430\u044f \u041e\u0441\u043d\u043e\u0432\u043d\u0430\u044f \u0428\u043a\u043e\u043b\u0430<\/title>\n<meta name=\"robots\" content=\"index, follow, max-snippet:-1, max-image-preview:large, max-video-preview:-1\" \/>\n<link rel=\"canonical\" href=\"https:\/\/mpkool.ee\/dokumendid-ja-seadused\/hoolekogu\/hoolekogu-dokumendid\/\" \/>\n<meta property=\"og:locale\" content=\"ru_RU\" \/>\n<meta property=\"og:type\" content=\"article\" \/>\n<meta property=\"og:title\" content=\"Hoolekogu dokumendid - \u041c\u0430\u0430\u0440\u0434\u0443\u0441\u043a\u0430\u044f \u041e\u0441\u043d\u043e\u0432\u043d\u0430\u044f \u0428\u043a\u043e\u043b\u0430\" \/>\n<meta property=\"og:url\" content=\"https:\/\/mpkool.ee\/dokumendid-ja-seadused\/hoolekogu\/hoolekogu-dokumendid\/\" \/>\n<meta property=\"og:site_name\" content=\"\u041c\u0430\u0430\u0440\u0434\u0443\u0441\u043a\u0430\u044f \u041e\u0441\u043d\u043e\u0432\u043d\u0430\u044f \u0428\u043a\u043e\u043b\u0430\" \/>\n<meta property=\"article:publisher\" content=\"https:\/\/www.facebook.com\/maardupk\/\" \/>\n<meta property=\"article:modified_time\" content=\"2023-10-25T10:36:34+00:00\" \/>\n<meta name=\"twitter:card\" content=\"summary_large_image\" \/>\n<script type=\"application\/ld+json\" class=\"yoast-schema-graph\">{\"@context\":\"https:\/\/schema.org\",\"@graph\":[{\"@type\":\"WebPage\",\"@id\":\"https:\/\/mpkool.ee\/dokumendid-ja-seadused\/hoolekogu\/hoolekogu-dokumendid\/\",\"url\":\"https:\/\/mpkool.ee\/dokumendid-ja-seadused\/hoolekogu\/hoolekogu-dokumendid\/\",\"name\":\"Hoolekogu dokumendid - \u041c\u0430\u0430\u0440\u0434\u0443\u0441\u043a\u0430\u044f \u041e\u0441\u043d\u043e\u0432\u043d\u0430\u044f \u0428\u043a\u043e\u043b\u0430\",\"isPartOf\":{\"@id\":\"https:\/\/mpkool.ee\/#website\"},\"datePublished\":\"2023-10-25T10:33:16+00:00\",\"dateModified\":\"2023-10-25T10:36:34+00:00\",\"breadcrumb\":{\"@id\":\"https:\/\/mpkool.ee\/dokumendid-ja-seadused\/hoolekogu\/hoolekogu-dokumendid\/#breadcrumb\"},\"inLanguage\":\"ru-RU\",\"potentialAction\":[{\"@type\":\"ReadAction\",\"target\":[\"https:\/\/mpkool.ee\/dokumendid-ja-seadused\/hoolekogu\/hoolekogu-dokumendid\/\"]}]},{\"@type\":\"BreadcrumbList\",\"@id\":\"https:\/\/mpkool.ee\/dokumendid-ja-seadused\/hoolekogu\/hoolekogu-dokumendid\/#breadcrumb\",\"itemListElement\":[{\"@type\":\"ListItem\",\"position\":1,\"name\":\"\u0413\u043b\u0430\u0432\u043d\u0430\u044f \u0441\u0442\u0440\u0430\u043d\u0438\u0446\u0430\",\"item\":\"https:\/\/mpkool.ee\/\"},{\"@type\":\"ListItem\",\"position\":2,\"name\":\"\u0414\u043e\u043a\u0443\u043c\u0435\u043d\u0442\u044b\",\"item\":\"https:\/\/mpkool.ee\/dokumendid-ja-seadused\/\"},{\"@type\":\"ListItem\",\"position\":3,\"name\":\"\u041f\u043e\u043f\u0435\u0447\u0438\u0442\u0435\u043b\u044c\u0441\u043a\u0438\u0439 \u0441\u043e\u0432\u0435\u0442\",\"item\":\"https:\/\/mpkool.ee\/dokumendid-ja-seadused\/hoolekogu\/\"},{\"@type\":\"ListItem\",\"position\":4,\"name\":\"Hoolekogu dokumendid\"}]},{\"@type\":\"WebSite\",\"@id\":\"https:\/\/mpkool.ee\/#website\",\"url\":\"https:\/\/mpkool.ee\/\",\"name\":\"{:et}Maardu P\u00f5hikool{:}{:ru}\u041c\u0430\u0430\u0440\u0434\u0443\u0441\u043a\u0430\u044f \u041e\u0441\u043d\u043e\u0432\u043d\u0430\u044f \u0428\u043a\u043e\u043b\u0430{:}\",\"description\":\"M\u00f5nus P\u00f5nev Koht\",\"potentialAction\":[{\"@type\":\"SearchAction\",\"target\":{\"@type\":\"EntryPoint\",\"urlTemplate\":\"https:\/\/mpkool.ee\/?s={search_term_string}\"},\"query-input\":{\"@type\":\"PropertyValueSpecification\",\"valueRequired\":true,\"valueName\":\"search_term_string\"}}],\"inLanguage\":\"ru-RU\"}]}<\/script>\n<!-- \/ Yoast SEO plugin. -->","yoast_head_json":{"title":"Hoolekogu dokumendid - \u041c\u0430\u0430\u0440\u0434\u0443\u0441\u043a\u0430\u044f \u041e\u0441\u043d\u043e\u0432\u043d\u0430\u044f \u0428\u043a\u043e\u043b\u0430","robots":{"index":"index","follow":"follow","max-snippet":"max-snippet:-1","max-image-preview":"max-image-preview:large","max-video-preview":"max-video-preview:-1"},"canonical":"https:\/\/mpkool.ee\/dokumendid-ja-seadused\/hoolekogu\/hoolekogu-dokumendid\/","og_locale":"ru_RU","og_type":"article","og_title":"Hoolekogu dokumendid - \u041c\u0430\u0430\u0440\u0434\u0443\u0441\u043a\u0430\u044f \u041e\u0441\u043d\u043e\u0432\u043d\u0430\u044f \u0428\u043a\u043e\u043b\u0430","og_url":"https:\/\/mpkool.ee\/dokumendid-ja-seadused\/hoolekogu\/hoolekogu-dokumendid\/","og_site_name":"\u041c\u0430\u0430\u0440\u0434\u0443\u0441\u043a\u0430\u044f \u041e\u0441\u043d\u043e\u0432\u043d\u0430\u044f \u0428\u043a\u043e\u043b\u0430","article_publisher":"https:\/\/www.facebook.com\/maardupk\/","article_modified_time":"2023-10-25T10:36:34+00:00","twitter_card":"summary_large_image","schema":{"@context":"https:\/\/schema.org","@graph":[{"@type":"WebPage","@id":"https:\/\/mpkool.ee\/dokumendid-ja-seadused\/hoolekogu\/hoolekogu-dokumendid\/","url":"https:\/\/mpkool.ee\/dokumendid-ja-seadused\/hoolekogu\/hoolekogu-dokumendid\/","name":"Hoolekogu dokumendid - \u041c\u0430\u0430\u0440\u0434\u0443\u0441\u043a\u0430\u044f \u041e\u0441\u043d\u043e\u0432\u043d\u0430\u044f \u0428\u043a\u043e\u043b\u0430","isPartOf":{"@id":"https:\/\/mpkool.ee\/#website"},"datePublished":"2023-10-25T10:33:16+00:00","dateModified":"2023-10-25T10:36:34+00:00","breadcrumb":{"@id":"https:\/\/mpkool.ee\/dokumendid-ja-seadused\/hoolekogu\/hoolekogu-dokumendid\/#breadcrumb"},"inLanguage":"ru-RU","potentialAction":[{"@type":"ReadAction","target":["https:\/\/mpkool.ee\/dokumendid-ja-seadused\/hoolekogu\/hoolekogu-dokumendid\/"]}]},{"@type":"BreadcrumbList","@id":"https:\/\/mpkool.ee\/dokumendid-ja-seadused\/hoolekogu\/hoolekogu-dokumendid\/#breadcrumb","itemListElement":[{"@type":"ListItem","position":1,"name":"\u0413\u043b\u0430\u0432\u043d\u0430\u044f \u0441\u0442\u0440\u0430\u043d\u0438\u0446\u0430","item":"https:\/\/mpkool.ee\/"},{"@type":"ListItem","position":2,"name":"\u0414\u043e\u043a\u0443\u043c\u0435\u043d\u0442\u044b","item":"https:\/\/mpkool.ee\/dokumendid-ja-seadused\/"},{"@type":"ListItem","position":3,"name":"\u041f\u043e\u043f\u0435\u0447\u0438\u0442\u0435\u043b\u044c\u0441\u043a\u0438\u0439 \u0441\u043e\u0432\u0435\u0442","item":"https:\/\/mpkool.ee\/dokumendid-ja-seadused\/hoolekogu\/"},{"@type":"ListItem","position":4,"name":"Hoolekogu dokumendid"}]},{"@type":"WebSite","@id":"https:\/\/mpkool.ee\/#website","url":"https:\/\/mpkool.ee\/","name":"{:et}Maardu P\u00f5hikool{:}{:ru}\u041c\u0430\u0430\u0440\u0434\u0443\u0441\u043a\u0430\u044f \u041e\u0441\u043d\u043e\u0432\u043d\u0430\u044f \u0428\u043a\u043e\u043b\u0430{:}","description":"M\u00f5nus P\u00f5nev Koht","potentialAction":[{"@type":"SearchAction","target":{"@type":"EntryPoint","urlTemplate":"https:\/\/mpkool.ee\/?s={search_term_string}"},"query-input":{"@type":"PropertyValueSpecification","valueRequired":true,"valueName":"search_term_string"}}],"inLanguage":"ru-RU"}]}},"_links":{"self":[{"href":"https:\/\/mpkool.ee\/ru\/wp-json\/wp\/v2\/pages\/13786","targetHints":{"allow":["GET"]}}],"collection":[{"href":"https:\/\/mpkool.ee\/ru\/wp-json\/wp\/v2\/pages"}],"about":[{"href":"https:\/\/mpkool.ee\/ru\/wp-json\/wp\/v2\/types\/page"}],"author":[{"embeddable":true,"href":"https:\/\/mpkool.ee\/ru\/wp-json\/wp\/v2\/users\/4"}],"replies":[{"embeddable":true,"href":"https:\/\/mpkool.ee\/ru\/wp-json\/wp\/v2\/comments?post=13786"}],"version-history":[{"count":2,"href":"https:\/\/mpkool.ee\/ru\/wp-json\/wp\/v2\/pages\/13786\/revisions"}],"predecessor-version":[{"id":13788,"href":"https:\/\/mpkool.ee\/ru\/wp-json\/wp\/v2\/pages\/13786\/revisions\/13788"}],"up":[{"embeddable":true,"href":"https:\/\/mpkool.ee\/ru\/wp-json\/wp\/v2\/pages\/2698"}],"wp:attachment":[{"href":"https:\/\/mpkool.ee\/ru\/wp-json\/wp\/v2\/media?parent=13786"}],"curies":[{"name":"wp","href":"https:\/\/api.w.org\/{rel}","templated":true}]}}