{"id":11782,"date":"2022-09-21T16:12:56","date_gmt":"2022-09-21T13:12:56","guid":{"rendered":"http:\/\/mpkool.ee\/?page_id=11782"},"modified":"2025-11-10T11:05:12","modified_gmt":"2025-11-10T09:05:12","slug":"pikapaevaruhma-toograafik-2022-2023-oa","status":"publish","type":"page","link":"https:\/\/mpkool.ee\/ru\/pikapaevaruhma-toograafik-2022-2023-oa\/","title":{"rendered":"\u0413\u0420\u0410\u0424\u0418\u041a \u0440\u0430\u0431\u043e\u0442\u044b \u0413\u0420\u0423\u041f\u041f\u042b \u041f\u0420\u041e\u0414\u041b\u0415\u041d\u041d\u041e\u0413\u041e \u0414\u041d\u042f  2023-2024 \u0443\u0447. \u0433\u043e\u0434"},"content":{"rendered":"<p><a href=\"http:\/\/mpkool.ee\/wp-content\/uploads\/2022\/09\/1-6.jpg\"><img fetchpriority=\"high\" decoding=\"async\" class=\"aligncenter wp-image-14662 size-full\" src=\"http:\/\/mpkool.ee\/wp-content\/uploads\/2022\/09\/1-6.jpg\" alt=\"\" width=\"1414\" height=\"2000\" srcset=\"https:\/\/mpkool.ee\/wp-content\/uploads\/2022\/09\/1-6.jpg 1414w, https:\/\/mpkool.ee\/wp-content\/uploads\/2022\/09\/1-6-212x300.jpg 212w, https:\/\/mpkool.ee\/wp-content\/uploads\/2022\/09\/1-6-768x1086.jpg 768w, https:\/\/mpkool.ee\/wp-content\/uploads\/2022\/09\/1-6-724x1024.jpg 724w, https:\/\/mpkool.ee\/wp-content\/uploads\/2022\/09\/1-6-191x270.jpg 191w\" sizes=\"(max-width: 1414px) 100vw, 1414px\" \/><\/a><a href=\"http:\/\/mpkool.ee\/wp-content\/uploads\/2022\/09\/6-2.jpg\"><br \/>\n<\/a><\/p>\n<p><a href=\"http:\/\/mpkool.ee\/wp-content\/uploads\/2022\/09\/22.jpg\"><img decoding=\"async\" class=\"alignleft size-large wp-image-14720\" src=\"http:\/\/mpkool.ee\/wp-content\/uploads\/2022\/09\/22-724x1024.jpg\" alt=\"\" width=\"640\" height=\"905\" srcset=\"https:\/\/mpkool.ee\/wp-content\/uploads\/2022\/09\/22-724x1024.jpg 724w, https:\/\/mpkool.ee\/wp-content\/uploads\/2022\/09\/22-212x300.jpg 212w, https:\/\/mpkool.ee\/wp-content\/uploads\/2022\/09\/22-768x1086.jpg 768w, https:\/\/mpkool.ee\/wp-content\/uploads\/2022\/09\/22-191x270.jpg 191w, https:\/\/mpkool.ee\/wp-content\/uploads\/2022\/09\/22.jpg 1414w\" sizes=\"(max-width: 640px) 100vw, 640px\" \/><\/a><\/p>\n<p style=\"text-align: center;\"><a href=\"http:\/\/mpkool.ee\/wp-content\/uploads\/2022\/09\/23.jpg\"><img decoding=\"async\" class=\"alignleft size-large wp-image-14721\" src=\"http:\/\/mpkool.ee\/wp-content\/uploads\/2022\/09\/23-724x1024.jpg\" alt=\"\" width=\"640\" height=\"905\" srcset=\"https:\/\/mpkool.ee\/wp-content\/uploads\/2022\/09\/23-724x1024.jpg 724w, https:\/\/mpkool.ee\/wp-content\/uploads\/2022\/09\/23-212x300.jpg 212w, https:\/\/mpkool.ee\/wp-content\/uploads\/2022\/09\/23-768x1086.jpg 768w, https:\/\/mpkool.ee\/wp-content\/uploads\/2022\/09\/23-191x270.jpg 191w, https:\/\/mpkool.ee\/wp-content\/uploads\/2022\/09\/23.jpg 1414w\" sizes=\"(max-width: 640px) 100vw, 640px\" \/><\/a><\/p>\n","protected":false},"excerpt":{"rendered":"","protected":false},"author":3,"featured_media":0,"parent":0,"menu_order":0,"comment_status":"closed","ping_status":"closed","template":"","meta":{"footnotes":""},"class_list":["post-11782","page","type-page","status-publish","hentry"],"translation":{"provider":"WPGlobus","version":"3.0.0","language":"ru","enabled_languages":["et","ru"],"languages":{"et":{"title":true,"content":true,"excerpt":false},"ru":{"title":true,"content":true,"excerpt":false}}},"yoast_head":"<!-- This site is optimized with the Yoast SEO plugin v26.6 - https:\/\/yoast.com\/wordpress\/plugins\/seo\/ -->\n<title>\u0413\u0420\u0410\u0424\u0418\u041a \u0440\u0430\u0431\u043e\u0442\u044b \u0413\u0420\u0423\u041f\u041f\u042b \u041f\u0420\u041e\u0414\u041b\u0415\u041d\u041d\u041e\u0413\u041e \u0414\u041d\u042f 2023-2024 \u0443\u0447. \u0433\u043e\u0434 - \u041c\u0430\u0430\u0440\u0434\u0443\u0441\u043a\u0430\u044f \u041e\u0441\u043d\u043e\u0432\u043d\u0430\u044f \u0428\u043a\u043e\u043b\u0430<\/title>\n<meta name=\"robots\" content=\"index, follow, max-snippet:-1, max-image-preview:large, max-video-preview:-1\" \/>\n<link rel=\"canonical\" href=\"https:\/\/mpkool.ee\/pikapaevaruhma-toograafik-2022-2023-oa\/\" \/>\n<meta property=\"og:locale\" content=\"ru_RU\" \/>\n<meta property=\"og:type\" content=\"article\" \/>\n<meta property=\"og:title\" content=\"\u0413\u0420\u0410\u0424\u0418\u041a \u0440\u0430\u0431\u043e\u0442\u044b \u0413\u0420\u0423\u041f\u041f\u042b \u041f\u0420\u041e\u0414\u041b\u0415\u041d\u041d\u041e\u0413\u041e \u0414\u041d\u042f 2023-2024 \u0443\u0447. \u0433\u043e\u0434 - \u041c\u0430\u0430\u0440\u0434\u0443\u0441\u043a\u0430\u044f \u041e\u0441\u043d\u043e\u0432\u043d\u0430\u044f \u0428\u043a\u043e\u043b\u0430\" \/>\n<meta property=\"og:url\" content=\"https:\/\/mpkool.ee\/pikapaevaruhma-toograafik-2022-2023-oa\/\" \/>\n<meta property=\"og:site_name\" content=\"\u041c\u0430\u0430\u0440\u0434\u0443\u0441\u043a\u0430\u044f \u041e\u0441\u043d\u043e\u0432\u043d\u0430\u044f \u0428\u043a\u043e\u043b\u0430\" \/>\n<meta property=\"article:publisher\" content=\"https:\/\/www.facebook.com\/maardupk\/\" \/>\n<meta property=\"article:modified_time\" content=\"2025-11-10T09:05:12+00:00\" \/>\n<meta property=\"og:image\" content=\"https:\/\/mpkool.ee\/wp-content\/uploads\/2025\/11\/2025-1-ab-724x1024.jpg\" \/>\n<meta name=\"twitter:card\" content=\"summary_large_image\" \/>\n<script type=\"application\/ld+json\" class=\"yoast-schema-graph\">{\"@context\":\"https:\/\/schema.org\",\"@graph\":[{\"@type\":\"WebPage\",\"@id\":\"https:\/\/mpkool.ee\/pikapaevaruhma-toograafik-2022-2023-oa\/\",\"url\":\"https:\/\/mpkool.ee\/pikapaevaruhma-toograafik-2022-2023-oa\/\",\"name\":\"\u0413\u0420\u0410\u0424\u0418\u041a \u0440\u0430\u0431\u043e\u0442\u044b \u0413\u0420\u0423\u041f\u041f\u042b \u041f\u0420\u041e\u0414\u041b\u0415\u041d\u041d\u041e\u0413\u041e \u0414\u041d\u042f 2023-2024 \u0443\u0447. \u0433\u043e\u0434 - \u041c\u0430\u0430\u0440\u0434\u0443\u0441\u043a\u0430\u044f \u041e\u0441\u043d\u043e\u0432\u043d\u0430\u044f \u0428\u043a\u043e\u043b\u0430\",\"isPartOf\":{\"@id\":\"https:\/\/mpkool.ee\/#website\"},\"primaryImageOfPage\":{\"@id\":\"https:\/\/mpkool.ee\/pikapaevaruhma-toograafik-2022-2023-oa\/#primaryimage\"},\"image\":{\"@id\":\"https:\/\/mpkool.ee\/pikapaevaruhma-toograafik-2022-2023-oa\/#primaryimage\"},\"thumbnailUrl\":\"https:\/\/mpkool.ee\/wp-content\/uploads\/2025\/11\/2025-1-ab-724x1024.jpg\",\"datePublished\":\"2022-09-21T13:12:56+00:00\",\"dateModified\":\"2025-11-10T09:05:12+00:00\",\"breadcrumb\":{\"@id\":\"https:\/\/mpkool.ee\/pikapaevaruhma-toograafik-2022-2023-oa\/#breadcrumb\"},\"inLanguage\":\"ru-RU\",\"potentialAction\":[{\"@type\":\"ReadAction\",\"target\":[\"https:\/\/mpkool.ee\/pikapaevaruhma-toograafik-2022-2023-oa\/\"]}]},{\"@type\":\"ImageObject\",\"inLanguage\":\"ru-RU\",\"@id\":\"https:\/\/mpkool.ee\/pikapaevaruhma-toograafik-2022-2023-oa\/#primaryimage\",\"url\":\"https:\/\/mpkool.ee\/wp-content\/uploads\/2025\/11\/2025-1-ab-724x1024.jpg\",\"contentUrl\":\"https:\/\/mpkool.ee\/wp-content\/uploads\/2025\/11\/2025-1-ab-724x1024.jpg\"},{\"@type\":\"BreadcrumbList\",\"@id\":\"https:\/\/mpkool.ee\/pikapaevaruhma-toograafik-2022-2023-oa\/#breadcrumb\",\"itemListElement\":[{\"@type\":\"ListItem\",\"position\":1,\"name\":\"\u0413\u043b\u0430\u0432\u043d\u0430\u044f \u0441\u0442\u0440\u0430\u043d\u0438\u0446\u0430\",\"item\":\"https:\/\/mpkool.ee\/\"},{\"@type\":\"ListItem\",\"position\":2,\"name\":\"PIKAP\u00c4EVAR\u00dcHMA T\u00d6\u00d6GRAAFIK 2025.-2026. \u00f5a\"}]},{\"@type\":\"WebSite\",\"@id\":\"https:\/\/mpkool.ee\/#website\",\"url\":\"https:\/\/mpkool.ee\/\",\"name\":\"{:et}Maardu P\u00f5hikool{:}{:ru}\u041c\u0430\u0430\u0440\u0434\u0443\u0441\u043a\u0430\u044f \u041e\u0441\u043d\u043e\u0432\u043d\u0430\u044f \u0428\u043a\u043e\u043b\u0430{:}\",\"description\":\"M\u00f5nus P\u00f5nev Koht\",\"potentialAction\":[{\"@type\":\"SearchAction\",\"target\":{\"@type\":\"EntryPoint\",\"urlTemplate\":\"https:\/\/mpkool.ee\/?s={search_term_string}\"},\"query-input\":{\"@type\":\"PropertyValueSpecification\",\"valueRequired\":true,\"valueName\":\"search_term_string\"}}],\"inLanguage\":\"ru-RU\"}]}<\/script>\n<!-- \/ Yoast SEO plugin. -->","yoast_head_json":{"title":"\u0413\u0420\u0410\u0424\u0418\u041a \u0440\u0430\u0431\u043e\u0442\u044b \u0413\u0420\u0423\u041f\u041f\u042b \u041f\u0420\u041e\u0414\u041b\u0415\u041d\u041d\u041e\u0413\u041e \u0414\u041d\u042f 2023-2024 \u0443\u0447. \u0433\u043e\u0434 - \u041c\u0430\u0430\u0440\u0434\u0443\u0441\u043a\u0430\u044f \u041e\u0441\u043d\u043e\u0432\u043d\u0430\u044f \u0428\u043a\u043e\u043b\u0430","robots":{"index":"index","follow":"follow","max-snippet":"max-snippet:-1","max-image-preview":"max-image-preview:large","max-video-preview":"max-video-preview:-1"},"canonical":"https:\/\/mpkool.ee\/pikapaevaruhma-toograafik-2022-2023-oa\/","og_locale":"ru_RU","og_type":"article","og_title":"\u0413\u0420\u0410\u0424\u0418\u041a \u0440\u0430\u0431\u043e\u0442\u044b \u0413\u0420\u0423\u041f\u041f\u042b \u041f\u0420\u041e\u0414\u041b\u0415\u041d\u041d\u041e\u0413\u041e \u0414\u041d\u042f 2023-2024 \u0443\u0447. \u0433\u043e\u0434 - \u041c\u0430\u0430\u0440\u0434\u0443\u0441\u043a\u0430\u044f \u041e\u0441\u043d\u043e\u0432\u043d\u0430\u044f \u0428\u043a\u043e\u043b\u0430","og_url":"https:\/\/mpkool.ee\/pikapaevaruhma-toograafik-2022-2023-oa\/","og_site_name":"\u041c\u0430\u0430\u0440\u0434\u0443\u0441\u043a\u0430\u044f \u041e\u0441\u043d\u043e\u0432\u043d\u0430\u044f \u0428\u043a\u043e\u043b\u0430","article_publisher":"https:\/\/www.facebook.com\/maardupk\/","article_modified_time":"2025-11-10T09:05:12+00:00","og_image":[{"url":"https:\/\/mpkool.ee\/wp-content\/uploads\/2025\/11\/2025-1-ab-724x1024.jpg","type":"","width":"","height":""}],"twitter_card":"summary_large_image","schema":{"@context":"https:\/\/schema.org","@graph":[{"@type":"WebPage","@id":"https:\/\/mpkool.ee\/pikapaevaruhma-toograafik-2022-2023-oa\/","url":"https:\/\/mpkool.ee\/pikapaevaruhma-toograafik-2022-2023-oa\/","name":"\u0413\u0420\u0410\u0424\u0418\u041a \u0440\u0430\u0431\u043e\u0442\u044b \u0413\u0420\u0423\u041f\u041f\u042b \u041f\u0420\u041e\u0414\u041b\u0415\u041d\u041d\u041e\u0413\u041e \u0414\u041d\u042f 2023-2024 \u0443\u0447. \u0433\u043e\u0434 - \u041c\u0430\u0430\u0440\u0434\u0443\u0441\u043a\u0430\u044f \u041e\u0441\u043d\u043e\u0432\u043d\u0430\u044f \u0428\u043a\u043e\u043b\u0430","isPartOf":{"@id":"https:\/\/mpkool.ee\/#website"},"primaryImageOfPage":{"@id":"https:\/\/mpkool.ee\/pikapaevaruhma-toograafik-2022-2023-oa\/#primaryimage"},"image":{"@id":"https:\/\/mpkool.ee\/pikapaevaruhma-toograafik-2022-2023-oa\/#primaryimage"},"thumbnailUrl":"https:\/\/mpkool.ee\/wp-content\/uploads\/2025\/11\/2025-1-ab-724x1024.jpg","datePublished":"2022-09-21T13:12:56+00:00","dateModified":"2025-11-10T09:05:12+00:00","breadcrumb":{"@id":"https:\/\/mpkool.ee\/pikapaevaruhma-toograafik-2022-2023-oa\/#breadcrumb"},"inLanguage":"ru-RU","potentialAction":[{"@type":"ReadAction","target":["https:\/\/mpkool.ee\/pikapaevaruhma-toograafik-2022-2023-oa\/"]}]},{"@type":"ImageObject","inLanguage":"ru-RU","@id":"https:\/\/mpkool.ee\/pikapaevaruhma-toograafik-2022-2023-oa\/#primaryimage","url":"https:\/\/mpkool.ee\/wp-content\/uploads\/2025\/11\/2025-1-ab-724x1024.jpg","contentUrl":"https:\/\/mpkool.ee\/wp-content\/uploads\/2025\/11\/2025-1-ab-724x1024.jpg"},{"@type":"BreadcrumbList","@id":"https:\/\/mpkool.ee\/pikapaevaruhma-toograafik-2022-2023-oa\/#breadcrumb","itemListElement":[{"@type":"ListItem","position":1,"name":"\u0413\u043b\u0430\u0432\u043d\u0430\u044f \u0441\u0442\u0440\u0430\u043d\u0438\u0446\u0430","item":"https:\/\/mpkool.ee\/"},{"@type":"ListItem","position":2,"name":"PIKAP\u00c4EVAR\u00dcHMA T\u00d6\u00d6GRAAFIK 2025.-2026. \u00f5a"}]},{"@type":"WebSite","@id":"https:\/\/mpkool.ee\/#website","url":"https:\/\/mpkool.ee\/","name":"{:et}Maardu P\u00f5hikool{:}{:ru}\u041c\u0430\u0430\u0440\u0434\u0443\u0441\u043a\u0430\u044f \u041e\u0441\u043d\u043e\u0432\u043d\u0430\u044f \u0428\u043a\u043e\u043b\u0430{:}","description":"M\u00f5nus P\u00f5nev Koht","potentialAction":[{"@type":"SearchAction","target":{"@type":"EntryPoint","urlTemplate":"https:\/\/mpkool.ee\/?s={search_term_string}"},"query-input":{"@type":"PropertyValueSpecification","valueRequired":true,"valueName":"search_term_string"}}],"inLanguage":"ru-RU"}]}},"_links":{"self":[{"href":"https:\/\/mpkool.ee\/ru\/wp-json\/wp\/v2\/pages\/11782","targetHints":{"allow":["GET"]}}],"collection":[{"href":"https:\/\/mpkool.ee\/ru\/wp-json\/wp\/v2\/pages"}],"about":[{"href":"https:\/\/mpkool.ee\/ru\/wp-json\/wp\/v2\/types\/page"}],"author":[{"embeddable":true,"href":"https:\/\/mpkool.ee\/ru\/wp-json\/wp\/v2\/users\/3"}],"replies":[{"embeddable":true,"href":"https:\/\/mpkool.ee\/ru\/wp-json\/wp\/v2\/comments?post=11782"}],"version-history":[{"count":20,"href":"https:\/\/mpkool.ee\/ru\/wp-json\/wp\/v2\/pages\/11782\/revisions"}],"predecessor-version":[{"id":15810,"href":"https:\/\/mpkool.ee\/ru\/wp-json\/wp\/v2\/pages\/11782\/revisions\/15810"}],"wp:attachment":[{"href":"https:\/\/mpkool.ee\/ru\/wp-json\/wp\/v2\/media?parent=11782"}],"curies":[{"name":"wp","href":"https:\/\/api.w.org\/{rel}","templated":true}]}}