{"id":11079,"date":"2022-04-02T15:34:31","date_gmt":"2022-04-02T12:34:31","guid":{"rendered":"http:\/\/mpkool.ee\/?page_id=11079"},"modified":"2022-04-02T16:42:58","modified_gmt":"2022-04-02T13:42:58","slug":"ainekavad","status":"publish","type":"page","link":"https:\/\/mpkool.ee\/ru\/ainekavad\/","title":{"rendered":"\u041f\u0440\u0435\u0434\u043c\u0435\u0442\u043d\u044b\u0435 \u043f\u0440\u043e\u0433\u0440\u0430\u043c\u043c\u044b"},"content":{"rendered":"\n<table id=\"tablepress-72\" class=\"tablepress tablepress-id-72\">\n<tbody class=\"row-hover\">\n<tr class=\"row-1 odd\">\n\t<td class=\"column-1\"><\/td>\n<\/tr>\n<tr class=\"row-2 even\">\n\t<td class=\"column-1\"><a href=\"http:\/\/mpkool.ee\/wp-content\/uploads\/2022\/04\/EESTI-KEELE-Ainekava-2022.pdf\">\u042d\u0421\u0422\u041e\u041d\u0421\u041a\u0418\u0419 \u042f\u0417\u042b\u041a<\/a><\/td>\n<\/tr>\n<tr class=\"row-3 odd\">\n\t<td class=\"column-1\"><a href=\"http:\/\/mpkool.ee\/wp-content\/uploads\/2022\/04\/INGLISE-KEEL-Ainekavad-2022.pdf\">\u0410\u041d\u0413\u041b\u0418\u0419\u0421\u041a\u0418\u0419 \u042f\u0417\u042b\u041a<\/a><\/td>\n<\/tr>\n<tr class=\"row-4 even\">\n\t<td class=\"column-1\"><a href=\"http:\/\/mpkool.ee\/wp-content\/uploads\/2022\/09\/VENE-KEEL-Ainekavad_2022.pdf\">\u0420\u0423\u0421\u0421\u041a\u0418\u0419 \u042f\u0417\u042b\u041a<\/a><\/td>\n<\/tr>\n<tr class=\"row-5 odd\">\n\t<td class=\"column-1\"><a href=\"http:\/\/mpkool.ee\/wp-content\/uploads\/2022\/04\/AJALUGU-Ainekavad-2022.pdf\">\u0418\u0421\u0422\u041e\u0420\u0418\u042f<\/a><\/td>\n<\/tr>\n<tr class=\"row-6 even\">\n\t<td class=\"column-1\"><a href=\"http:\/\/mpkool.ee\/wp-content\/uploads\/2022\/04\/\u00dcHISKONNA\u00d5PETUS-Ainekavad-2022.pdf\">\u041e\u0411\u0429\u0415\u0421\u0422\u0412\u041e\u0412\u0415\u0414\u0415\u041d\u0418\u0415<\/a><\/td>\n<\/tr>\n<tr class=\"row-7 odd\">\n\t<td class=\"column-1\"><a href=\"http:\/\/mpkool.ee\/wp-content\/uploads\/2022\/09\/INIMESE\u00d5PETUS-Ainekavad-2022.pdf\">\u0423\u0427\u0415\u041d\u0418\u0415 \u041e \u0427\u0415\u041b\u041e\u0412\u0415\u041a\u0415<\/a><\/td>\n<\/tr>\n<tr class=\"row-8 even\">\n\t<td class=\"column-1\"><a href=\"http:\/\/mpkool.ee\/wp-content\/uploads\/2022\/09\/BIOLOOGIA-Ainekavad-2022.pdf\">\u0411\u0418\u041e\u041b\u041e\u0413\u0418\u042f<\/a><\/td>\n<\/tr>\n<tr class=\"row-9 odd\">\n\t<td class=\"column-1\"><a href=\"http:\/\/mpkool.ee\/wp-content\/uploads\/2022\/09\/GEOGRAAFIA-Ainekavad-2022.pdf\">\u0413\u0415\u041e\u0413\u0420\u0410\u0424\u0418\u042f<\/a><\/td>\n<\/tr>\n<tr class=\"row-10 even\">\n\t<td class=\"column-1\"><a href=\"http:\/\/mpkool.ee\/wp-content\/uploads\/2022\/04\/LOODUS\u00d5PETUS-Ainekavad-2022.pdf\">\u041f\u0420\u0418\u0420\u041e\u0414\u041e\u0412\u0415\u0414\u0415\u041d\u0418\u0415<\/a><\/td>\n<\/tr>\n<tr class=\"row-11 odd\">\n\t<td class=\"column-1\"><a href=\"http:\/\/mpkool.ee\/wp-content\/uploads\/2022\/09\/KIRJANDUS-Ainekavad-2022.pdf\">\u041b\u0418\u0422\u0415\u0420\u0410\u0422\u0423\u0420\u0410<\/a><\/td>\n<\/tr>\n<tr class=\"row-12 even\">\n\t<td class=\"column-1\"><a href=\"http:\/\/mpkool.ee\/wp-content\/uploads\/2022\/09\/F\u00dc\u00dcSIKA-Ainekavad-2022-1.pdf\">\u0424\u0418\u0417\u0418\u041a\u0410<\/a><\/td>\n<\/tr>\n<tr class=\"row-13 odd\">\n\t<td class=\"column-1\"><a href=\"http:\/\/mpkool.ee\/wp-content\/uploads\/2022\/09\/KEEMIA-Ainekavad-2022_.pdf\">\u0425\u0418\u041c\u0418\u042f<\/a><\/td>\n<\/tr>\n<tr class=\"row-14 even\">\n\t<td class=\"column-1\"><a href=\"http:\/\/mpkool.ee\/wp-content\/uploads\/2022\/04\/MATEMAATIKA-Ainekavad-2022.pdf\">\u041c\u0410\u0422\u0415\u041c\u0410\u0422\u0418\u041a\u0410<\/a><\/td>\n<\/tr>\n<tr class=\"row-15 odd\">\n\t<td class=\"column-1\"><a href=\"http:\/\/mpkool.ee\/wp-content\/uploads\/2022\/09\/KUNST-Ainekavad-2022.pdf\">\u0418\u0421\u041a\u0423\u0421\u0421\u0422\u0412\u041e<\/a><\/td>\n<\/tr>\n<tr class=\"row-16 even\">\n\t<td class=\"column-1\"><a href=\"http:\/\/mpkool.ee\/wp-content\/uploads\/2022\/04\/MUUSIKA-Ainekavad-2022.pdf\">\u041c\u0423\u0417\u042b\u041a\u0410<\/a><\/td>\n<\/tr>\n<tr class=\"row-17 odd\">\n\t<td class=\"column-1\"><a href=\"http:\/\/mpkool.ee\/wp-content\/uploads\/2022\/04\/T\u00d6\u00d6\u00d5PETUS-Ainekavad-2022.pdf\">\u0422\u0420\u0423\u0414\u041e\u0412\u041e\u0415 \u041e\u0411\u0423\u0427\u0415\u041d\u0418\u0415<\/a><\/td>\n<\/tr>\n<tr class=\"row-18 even\">\n\t<td class=\"column-1\"><a href=\"http:\/\/mpkool.ee\/wp-content\/uploads\/2022\/04\/KEHALINE-KASVATUS-Ainekavad-2022.pdf\">\u0424\u0418\u0417\u0418\u0427\u0415\u0421\u041a\u041e\u0415 \u0412\u041e\u0421\u041f\u0418\u0422\u0410\u041d\u0418\u0415<\/a><\/td>\n<\/tr>\n<tr class=\"row-19 odd\">\n\t<td class=\"column-1\"><\/td>\n<\/tr>\n<\/tbody>\n<\/table>\n<!-- #tablepress-72 from cache -->\n","protected":false},"excerpt":{"rendered":"","protected":false},"author":3,"featured_media":0,"parent":0,"menu_order":0,"comment_status":"closed","ping_status":"closed","template":"","meta":{"footnotes":""},"class_list":["post-11079","page","type-page","status-publish","hentry"],"translation":{"provider":"WPGlobus","version":"3.0.0","language":"ru","enabled_languages":["et","ru"],"languages":{"et":{"title":true,"content":true,"excerpt":false},"ru":{"title":true,"content":true,"excerpt":false}}},"yoast_head":"<!-- This site is optimized with the Yoast SEO plugin v26.6 - https:\/\/yoast.com\/wordpress\/plugins\/seo\/ -->\n<title>\u041f\u0440\u0435\u0434\u043c\u0435\u0442\u043d\u044b\u0435 \u043f\u0440\u043e\u0433\u0440\u0430\u043c\u043c\u044b - \u041c\u0430\u0430\u0440\u0434\u0443\u0441\u043a\u0430\u044f \u041e\u0441\u043d\u043e\u0432\u043d\u0430\u044f \u0428\u043a\u043e\u043b\u0430<\/title>\n<meta name=\"robots\" content=\"index, follow, max-snippet:-1, max-image-preview:large, max-video-preview:-1\" \/>\n<link rel=\"canonical\" href=\"https:\/\/mpkool.ee\/ainekavad\/\" \/>\n<meta property=\"og:locale\" content=\"ru_RU\" \/>\n<meta property=\"og:type\" content=\"article\" \/>\n<meta property=\"og:title\" content=\"\u041f\u0440\u0435\u0434\u043c\u0435\u0442\u043d\u044b\u0435 \u043f\u0440\u043e\u0433\u0440\u0430\u043c\u043c\u044b - \u041c\u0430\u0430\u0440\u0434\u0443\u0441\u043a\u0430\u044f \u041e\u0441\u043d\u043e\u0432\u043d\u0430\u044f \u0428\u043a\u043e\u043b\u0430\" \/>\n<meta property=\"og:url\" content=\"https:\/\/mpkool.ee\/ainekavad\/\" \/>\n<meta property=\"og:site_name\" content=\"\u041c\u0430\u0430\u0440\u0434\u0443\u0441\u043a\u0430\u044f \u041e\u0441\u043d\u043e\u0432\u043d\u0430\u044f \u0428\u043a\u043e\u043b\u0430\" \/>\n<meta property=\"article:publisher\" content=\"https:\/\/www.facebook.com\/maardupk\/\" \/>\n<meta property=\"article:modified_time\" content=\"2022-04-02T13:42:58+00:00\" \/>\n<meta name=\"twitter:card\" content=\"summary_large_image\" \/>\n<script type=\"application\/ld+json\" class=\"yoast-schema-graph\">{\"@context\":\"https:\/\/schema.org\",\"@graph\":[{\"@type\":\"WebPage\",\"@id\":\"https:\/\/mpkool.ee\/ainekavad\/\",\"url\":\"https:\/\/mpkool.ee\/ainekavad\/\",\"name\":\"\u041f\u0440\u0435\u0434\u043c\u0435\u0442\u043d\u044b\u0435 \u043f\u0440\u043e\u0433\u0440\u0430\u043c\u043c\u044b - \u041c\u0430\u0430\u0440\u0434\u0443\u0441\u043a\u0430\u044f \u041e\u0441\u043d\u043e\u0432\u043d\u0430\u044f \u0428\u043a\u043e\u043b\u0430\",\"isPartOf\":{\"@id\":\"https:\/\/mpkool.ee\/#website\"},\"datePublished\":\"2022-04-02T12:34:31+00:00\",\"dateModified\":\"2022-04-02T13:42:58+00:00\",\"breadcrumb\":{\"@id\":\"https:\/\/mpkool.ee\/ainekavad\/#breadcrumb\"},\"inLanguage\":\"ru-RU\",\"potentialAction\":[{\"@type\":\"ReadAction\",\"target\":[\"https:\/\/mpkool.ee\/ainekavad\/\"]}]},{\"@type\":\"BreadcrumbList\",\"@id\":\"https:\/\/mpkool.ee\/ainekavad\/#breadcrumb\",\"itemListElement\":[{\"@type\":\"ListItem\",\"position\":1,\"name\":\"\u0413\u043b\u0430\u0432\u043d\u0430\u044f \u0441\u0442\u0440\u0430\u043d\u0438\u0446\u0430\",\"item\":\"https:\/\/mpkool.ee\/\"},{\"@type\":\"ListItem\",\"position\":2,\"name\":\"\u041f\u0440\u0435\u0434\u043c\u0435\u0442\u043d\u044b\u0435 \u043f\u0440\u043e\u0433\u0440\u0430\u043c\u043c\u044b\"}]},{\"@type\":\"WebSite\",\"@id\":\"https:\/\/mpkool.ee\/#website\",\"url\":\"https:\/\/mpkool.ee\/\",\"name\":\"{:et}Maardu P\u00f5hikool{:}{:ru}\u041c\u0430\u0430\u0440\u0434\u0443\u0441\u043a\u0430\u044f \u041e\u0441\u043d\u043e\u0432\u043d\u0430\u044f \u0428\u043a\u043e\u043b\u0430{:}\",\"description\":\"M\u00f5nus P\u00f5nev Koht\",\"potentialAction\":[{\"@type\":\"SearchAction\",\"target\":{\"@type\":\"EntryPoint\",\"urlTemplate\":\"https:\/\/mpkool.ee\/?s={search_term_string}\"},\"query-input\":{\"@type\":\"PropertyValueSpecification\",\"valueRequired\":true,\"valueName\":\"search_term_string\"}}],\"inLanguage\":\"ru-RU\"}]}<\/script>\n<!-- \/ Yoast SEO plugin. -->","yoast_head_json":{"title":"\u041f\u0440\u0435\u0434\u043c\u0435\u0442\u043d\u044b\u0435 \u043f\u0440\u043e\u0433\u0440\u0430\u043c\u043c\u044b - \u041c\u0430\u0430\u0440\u0434\u0443\u0441\u043a\u0430\u044f \u041e\u0441\u043d\u043e\u0432\u043d\u0430\u044f \u0428\u043a\u043e\u043b\u0430","robots":{"index":"index","follow":"follow","max-snippet":"max-snippet:-1","max-image-preview":"max-image-preview:large","max-video-preview":"max-video-preview:-1"},"canonical":"https:\/\/mpkool.ee\/ainekavad\/","og_locale":"ru_RU","og_type":"article","og_title":"\u041f\u0440\u0435\u0434\u043c\u0435\u0442\u043d\u044b\u0435 \u043f\u0440\u043e\u0433\u0440\u0430\u043c\u043c\u044b - \u041c\u0430\u0430\u0440\u0434\u0443\u0441\u043a\u0430\u044f \u041e\u0441\u043d\u043e\u0432\u043d\u0430\u044f \u0428\u043a\u043e\u043b\u0430","og_url":"https:\/\/mpkool.ee\/ainekavad\/","og_site_name":"\u041c\u0430\u0430\u0440\u0434\u0443\u0441\u043a\u0430\u044f \u041e\u0441\u043d\u043e\u0432\u043d\u0430\u044f \u0428\u043a\u043e\u043b\u0430","article_publisher":"https:\/\/www.facebook.com\/maardupk\/","article_modified_time":"2022-04-02T13:42:58+00:00","twitter_card":"summary_large_image","schema":{"@context":"https:\/\/schema.org","@graph":[{"@type":"WebPage","@id":"https:\/\/mpkool.ee\/ainekavad\/","url":"https:\/\/mpkool.ee\/ainekavad\/","name":"\u041f\u0440\u0435\u0434\u043c\u0435\u0442\u043d\u044b\u0435 \u043f\u0440\u043e\u0433\u0440\u0430\u043c\u043c\u044b - \u041c\u0430\u0430\u0440\u0434\u0443\u0441\u043a\u0430\u044f \u041e\u0441\u043d\u043e\u0432\u043d\u0430\u044f \u0428\u043a\u043e\u043b\u0430","isPartOf":{"@id":"https:\/\/mpkool.ee\/#website"},"datePublished":"2022-04-02T12:34:31+00:00","dateModified":"2022-04-02T13:42:58+00:00","breadcrumb":{"@id":"https:\/\/mpkool.ee\/ainekavad\/#breadcrumb"},"inLanguage":"ru-RU","potentialAction":[{"@type":"ReadAction","target":["https:\/\/mpkool.ee\/ainekavad\/"]}]},{"@type":"BreadcrumbList","@id":"https:\/\/mpkool.ee\/ainekavad\/#breadcrumb","itemListElement":[{"@type":"ListItem","position":1,"name":"\u0413\u043b\u0430\u0432\u043d\u0430\u044f \u0441\u0442\u0440\u0430\u043d\u0438\u0446\u0430","item":"https:\/\/mpkool.ee\/"},{"@type":"ListItem","position":2,"name":"\u041f\u0440\u0435\u0434\u043c\u0435\u0442\u043d\u044b\u0435 \u043f\u0440\u043e\u0433\u0440\u0430\u043c\u043c\u044b"}]},{"@type":"WebSite","@id":"https:\/\/mpkool.ee\/#website","url":"https:\/\/mpkool.ee\/","name":"{:et}Maardu P\u00f5hikool{:}{:ru}\u041c\u0430\u0430\u0440\u0434\u0443\u0441\u043a\u0430\u044f \u041e\u0441\u043d\u043e\u0432\u043d\u0430\u044f \u0428\u043a\u043e\u043b\u0430{:}","description":"M\u00f5nus P\u00f5nev Koht","potentialAction":[{"@type":"SearchAction","target":{"@type":"EntryPoint","urlTemplate":"https:\/\/mpkool.ee\/?s={search_term_string}"},"query-input":{"@type":"PropertyValueSpecification","valueRequired":true,"valueName":"search_term_string"}}],"inLanguage":"ru-RU"}]}},"_links":{"self":[{"href":"https:\/\/mpkool.ee\/ru\/wp-json\/wp\/v2\/pages\/11079","targetHints":{"allow":["GET"]}}],"collection":[{"href":"https:\/\/mpkool.ee\/ru\/wp-json\/wp\/v2\/pages"}],"about":[{"href":"https:\/\/mpkool.ee\/ru\/wp-json\/wp\/v2\/types\/page"}],"author":[{"embeddable":true,"href":"https:\/\/mpkool.ee\/ru\/wp-json\/wp\/v2\/users\/3"}],"replies":[{"embeddable":true,"href":"https:\/\/mpkool.ee\/ru\/wp-json\/wp\/v2\/comments?post=11079"}],"version-history":[{"count":6,"href":"https:\/\/mpkool.ee\/ru\/wp-json\/wp\/v2\/pages\/11079\/revisions"}],"predecessor-version":[{"id":11130,"href":"https:\/\/mpkool.ee\/ru\/wp-json\/wp\/v2\/pages\/11079\/revisions\/11130"}],"wp:attachment":[{"href":"https:\/\/mpkool.ee\/ru\/wp-json\/wp\/v2\/media?parent=11079"}],"curies":[{"name":"wp","href":"https:\/\/api.w.org\/{rel}","templated":true}]}}